{"id":4202,"date":"2019-01-22T12:13:19","date_gmt":"2019-01-22T17:13:19","guid":{"rendered":""},"modified":"2024-09-24T23:43:17","modified_gmt":"2024-09-25T03:43:17","slug":"travel-for-sports","status":"publish","type":"page","link":"https:\/\/frenchwaytravel.com\/fr\/travel-for-sports\/","title":{"rendered":"Sport"},"content":{"rendered":"<div data-elementor-type=\"wp-post\" data-elementor-id=\"4202\" class=\"elementor elementor-4202\" data-elementor-post-type=\"page\">\n\t\t\t\t\t\t<section class=\"elementor-section elementor-top-section elementor-element elementor-element-e0be015 elementor-section-full_width elementor-section-height-min-height elementor-section-items-bottom elementor-section-height-default\" data-id=\"e0be015\" data-element_type=\"section\" data-settings=\"{&quot;background_background&quot;:&quot;classic&quot;}\">\n\t\t\t\t\t\t<div class=\"elementor-container elementor-column-gap-default\">\n\t\t\t\t\t<div class=\"elementor-column elementor-col-100 elementor-top-column elementor-element elementor-element-ed4c3f4\" data-id=\"ed4c3f4\" data-element_type=\"column\">\n\t\t\t<div class=\"elementor-widget-wrap\">\n\t\t\t\t\t\t\t<\/div>\n\t\t<\/div>\n\t\t\t\t\t<\/div>\n\t\t<\/section>\n\t\t\t\t<section class=\"elementor-section elementor-top-section elementor-element elementor-element-ce95190 elementor-section-boxed elementor-section-height-default elementor-section-height-default\" data-id=\"ce95190\" data-element_type=\"section\">\n\t\t\t\t\t\t<div class=\"elementor-container elementor-column-gap-default\">\n\t\t\t\t\t<div class=\"elementor-column elementor-col-100 elementor-top-column elementor-element elementor-element-546c50b\" data-id=\"546c50b\" data-element_type=\"column\">\n\t\t\t<div class=\"elementor-widget-wrap elementor-element-populated\">\n\t\t\t\t\t\t\t<\/div>\n\t\t<\/div>\n\t\t\t\t\t<\/div>\n\t\t<\/section>\n\t\t\t\t<section class=\"elementor-section elementor-top-section elementor-element elementor-element-9cfa2c7 elementor-section-boxed elementor-section-height-default elementor-section-height-default\" data-id=\"9cfa2c7\" data-element_type=\"section\">\n\t\t\t\t\t\t<div class=\"elementor-container elementor-column-gap-default\">\n\t\t\t\t\t<div class=\"elementor-column elementor-col-100 elementor-top-column elementor-element elementor-element-6783f9e\" data-id=\"6783f9e\" data-element_type=\"column\">\n\t\t\t<div class=\"elementor-widget-wrap elementor-element-populated\">\n\t\t\t\t\t\t\t<\/div>\n\t\t<\/div>\n\t\t\t\t\t<\/div>\n\t\t<\/section>\n\t\t\t\t<section class=\"elementor-section elementor-top-section elementor-element elementor-element-18fd4e2 elementor-section-boxed elementor-section-height-default elementor-section-height-default\" data-id=\"18fd4e2\" data-element_type=\"section\">\n\t\t\t\t\t\t<div class=\"elementor-container elementor-column-gap-default\">\n\t\t\t\t\t<div class=\"elementor-column elementor-col-100 elementor-top-column elementor-element elementor-element-3a40159\" data-id=\"3a40159\" data-element_type=\"column\">\n\t\t\t<div class=\"elementor-widget-wrap elementor-element-populated\">\n\t\t\t\t\t\t<div class=\"elementor-element elementor-element-24a7c80 elementor-widget elementor-widget-heading\" data-id=\"24a7c80\" data-element_type=\"widget\" data-widget_type=\"heading.default\">\n\t\t\t\t\t<h1 class=\"elementor-heading-title elementor-size-default\">Sport<br> - Frenchway Travel<\/h1>\t\t\t\t<\/div>\n\t\t\t\t\t<\/div>\n\t\t<\/div>\n\t\t\t\t\t<\/div>\n\t\t<\/section>\n\t\t\t\t<section class=\"elementor-section elementor-top-section elementor-element elementor-element-e611daf elementor-section-boxed elementor-section-height-default elementor-section-height-default\" data-id=\"e611daf\" data-element_type=\"section\">\n\t\t\t\t\t\t<div class=\"elementor-container elementor-column-gap-default\">\n\t\t\t\t\t<div class=\"elementor-column elementor-col-100 elementor-top-column elementor-element elementor-element-7c01154\" data-id=\"7c01154\" data-element_type=\"column\">\n\t\t\t<div class=\"elementor-widget-wrap elementor-element-populated\">\n\t\t\t\t\t\t<div class=\"elementor-element elementor-element-aa54fcc elementor-widget elementor-widget-image\" data-id=\"aa54fcc\" data-element_type=\"widget\" data-widget_type=\"image.default\">\n\t\t\t\t\t\t\t\t\t\t\t\t\t\t\t<img decoding=\"async\" width=\"300\" height=\"57\" src=\"https:\/\/frenchwaytravel.com\/wp-content\/uploads\/2018\/08\/airplane-300x57.webp\" class=\"attachment-medium size-medium wp-image-3335\" alt=\"Air France\" srcset=\"https:\/\/frenchwaytravel.com\/wp-content\/uploads\/2018\/08\/airplane-300x57.webp 300w, https:\/\/frenchwaytravel.com\/wp-content\/uploads\/2018\/08\/airplane-768x146.webp 768w, https:\/\/frenchwaytravel.com\/wp-content\/uploads\/2018\/08\/airplane.webp 1024w\" sizes=\"(max-width: 300px) 100vw, 300px\" \/>\t\t\t\t\t\t\t\t\t\t\t\t\t\t\t<\/div>\n\t\t\t\t\t<\/div>\n\t\t<\/div>\n\t\t\t\t\t<\/div>\n\t\t<\/section>\n\t\t\t\t<section class=\"elementor-section elementor-top-section elementor-element elementor-element-6b488d2 elementor-section-boxed elementor-section-height-default elementor-section-height-default\" data-id=\"6b488d2\" data-element_type=\"section\">\n\t\t\t\t\t\t<div class=\"elementor-container elementor-column-gap-default\">\n\t\t\t\t\t<div class=\"elementor-column elementor-col-50 elementor-top-column elementor-element elementor-element-9ccacc2\" data-id=\"9ccacc2\" data-element_type=\"column\">\n\t\t\t<div class=\"elementor-widget-wrap elementor-element-populated\">\n\t\t\t\t\t\t<div class=\"elementor-element elementor-element-02b6d83 elementor-widget elementor-widget-image\" data-id=\"02b6d83\" data-element_type=\"widget\" tr=\"\" data-widget_type=\"image.default\">\n\t\t\t\t\t\t\t\t\t\t\t\t\t\t\t<img decoding=\"async\" src=\"https:\/\/frenchwaytravel.com\/wp-content\/uploads\/elementor\/thumbs\/sport_frenchway-oidn4lyudlzkaa32h56fey3or2t0o6kji4bnpx9g3c.jpg\" title=\"The Frenchway Travel - Sports\" alt=\"The Frenchway Travel - Sports\" loading=\"lazy\" \/>\t\t\t\t\t\t\t\t\t\t\t\t\t\t\t<\/div>\n\t\t\t\t\t<\/div>\n\t\t<\/div>\n\t\t\t\t<div class=\"elementor-column elementor-col-50 elementor-top-column elementor-element elementor-element-98092a3\" data-id=\"98092a3\" data-element_type=\"column\">\n\t\t\t<div class=\"elementor-widget-wrap elementor-element-populated\">\n\t\t\t\t\t\t<div class=\"elementor-element elementor-element-0a0f6f2 elementor-widget elementor-widget-text-editor\" data-id=\"0a0f6f2\" data-element_type=\"widget\" data-widget_type=\"text-editor.default\">\n\t\t\t\t\t\t\t\t\t<p style=\"margin: 0cm 0cm 19.2pt; background-image: initial; background-position: initial; background-size: initial; background-repeat: initial; background-attachment: initial; background-origin: initial; background-clip: initial;\"><span style=\"font-size: 13pt; font-family: Arial, sans-serif; letter-spacing: 0.4pt;\">Nous savons comment organiser les voyages pour toutes sortes d'\u00e9v\u00e9nements sportifs dans le monde entier.<br \/><\/span><span style=\"font-family: Arial, sans-serif; font-size: 13pt; letter-spacing: 0.4pt;\"><br \/>De nombreux d\u00e9placements pr\u00e9cipit\u00e9s sont \u00e0 pr\u00e9voir dans le monde entier. Nous veillons donc \u00e0 ce que les athl\u00e8tes et leur entourage se rendent l\u00e0 o\u00f9 ils doivent aller, dans les meilleures conditions.<\/span><\/p>\t\t\t\t\t\t\t\t<\/div>\n\t\t\t\t\t<\/div>\n\t\t<\/div>\n\t\t\t\t\t<\/div>\n\t\t<\/section>\n\t\t\t\t<section class=\"elementor-section elementor-top-section elementor-element elementor-element-b5df260 elementor-section-height-min-height elementor-section-boxed elementor-section-height-default elementor-section-items-middle\" data-id=\"b5df260\" data-element_type=\"section\" data-settings=\"{&quot;background_background&quot;:&quot;classic&quot;}\">\n\t\t\t\t\t\t<div class=\"elementor-container elementor-column-gap-default\">\n\t\t\t\t\t<div class=\"elementor-column elementor-col-100 elementor-top-column elementor-element elementor-element-9c31bc6\" data-id=\"9c31bc6\" data-element_type=\"column\">\n\t\t\t<div class=\"elementor-widget-wrap elementor-element-populated\">\n\t\t\t\t\t\t<div class=\"elementor-element elementor-element-3e7ed62 elementor-widget elementor-widget-heading\" data-id=\"3e7ed62\" data-element_type=\"widget\" data-widget_type=\"heading.default\">\n\t\t\t\t\t<h2 class=\"elementor-heading-title elementor-size-default\">- Nos services : Voyages pour le sport -<\/h2>\t\t\t\t<\/div>\n\t\t\t\t\t<\/div>\n\t\t<\/div>\n\t\t\t\t\t<\/div>\n\t\t<\/section>\n\t\t\t\t<section class=\"elementor-section elementor-top-section elementor-element elementor-element-e61f4c8 elementor-section-boxed elementor-section-height-default elementor-section-height-default\" data-id=\"e61f4c8\" data-element_type=\"section\">\n\t\t\t\t\t\t<div class=\"elementor-container elementor-column-gap-default\">\n\t\t\t\t\t<div class=\"elementor-column elementor-col-100 elementor-top-column elementor-element elementor-element-2a066fd\" data-id=\"2a066fd\" data-element_type=\"column\">\n\t\t\t<div class=\"elementor-widget-wrap elementor-element-populated\">\n\t\t\t\t\t\t<div class=\"elementor-element elementor-element-e2c8ffd elementor-widget elementor-widget-text-editor\" data-id=\"e2c8ffd\" data-element_type=\"widget\" data-widget_type=\"text-editor.default\">\n\t\t\t\t\t\t\t\t\t<ul><li>Une \u00e9quipe tr\u00e8s fiable et proactive, avec un agent d\u00e9di\u00e9 aux r\u00e9servations de votre entreprise.<\/li><li>Des bureaux \u00e0 Paris et \u00e0 New York, ce qui signifie que nous desservons presque tous les fuseaux horaires.<\/li><li style=\"font-weight: 400;\"><span style=\"font-size: 15px;\">Un num\u00e9ro de t\u00e9l\u00e9phone d'urgence pour les week-ends et les jours f\u00e9ri\u00e9s<\/span><\/li><li style=\"font-weight: 400;\"><span style=\"font-size: 15px;\">Possibilit\u00e9 de poser des options<\/span><\/li><li style=\"font-weight: 400;\"><span style=\"font-size: 15px;\">Les meilleurs tarifs en classe affaires et en premi\u00e8re classe<\/span><\/li><li>Des tarifs pr\u00e9f\u00e9rentiels dans les h\u00f4tels les plus recherch\u00e9s et une plateforme priv\u00e9e de r\u00e9servation d'h\u00f4tels.\u00a0<\/li><li style=\"font-weight: 400;\"><span style=\"font-size: 15px;\">Service VIP personnalis\u00e9<\/span><\/li><li style=\"font-weight: 400;\"><span style=\"font-size: 15px;\">Une comptabilit\u00e9 simplifi\u00e9e pour nos clients contractuels<\/span><\/li><li><span style=\"font-weight: 400; font-size: 15px;\">Et surtout, plus de 35 ans d'exp\u00e9rience\u00a0<\/span>g\u00e9rer l'organisation des voyages pour les industries cr\u00e9atives au rythme effr\u00e9n\u00e9<\/li><\/ul>\t\t\t\t\t\t\t\t<\/div>\n\t\t\t\t\t<\/div>\n\t\t<\/div>\n\t\t\t\t\t<\/div>\n\t\t<\/section>\n\t\t\t\t<section class=\"elementor-section elementor-top-section elementor-element elementor-element-7a716b6 elementor-section-boxed elementor-section-height-default elementor-section-height-default\" data-id=\"7a716b6\" data-element_type=\"section\">\n\t\t\t\t\t\t<div class=\"elementor-container elementor-column-gap-default\">\n\t\t\t\t\t<div class=\"elementor-column elementor-col-100 elementor-top-column elementor-element elementor-element-6601d9f\" data-id=\"6601d9f\" data-element_type=\"column\">\n\t\t\t<div class=\"elementor-widget-wrap elementor-element-populated\">\n\t\t\t\t\t\t\t<\/div>\n\t\t<\/div>\n\t\t\t\t\t<\/div>\n\t\t<\/section>\n\t\t\t\t<section class=\"elementor-section elementor-top-section elementor-element elementor-element-0938a33 elementor-section-boxed elementor-section-height-default elementor-section-height-default\" data-id=\"0938a33\" data-element_type=\"section\">\n\t\t\t\t\t\t<div class=\"elementor-container elementor-column-gap-default\">\n\t\t\t\t\t<div class=\"elementor-column elementor-col-50 elementor-top-column elementor-element elementor-element-f62a6b4\" data-id=\"f62a6b4\" data-element_type=\"column\">\n\t\t\t<div class=\"elementor-widget-wrap elementor-element-populated\">\n\t\t\t\t\t\t<div class=\"elementor-element elementor-element-9a92eac elementor-widget elementor-widget-heading\" data-id=\"9a92eac\" data-element_type=\"widget\" data-widget_type=\"heading.default\">\n\t\t\t\t\t<h2 class=\"elementor-heading-title elementor-size-default\"><a href=\"\">Laissez-nous un message!<\/a><\/h2>\t\t\t\t<\/div>\n\t\t\t\t<div class=\"elementor-element elementor-element-d067f97 elementor-widget elementor-widget-html\" data-id=\"d067f97\" data-element_type=\"widget\" data-widget_type=\"html.default\">\n\t\t\t\t\t<script charset=\"utf-8\" type=\"text\/javascript\" src=\"\/\/js.hsforms.net\/forms\/shell.js\"><\/script>\r\n<script>\r\n  hbspt.forms.create({\r\nportalId: \"5452542\",\r\nformId: \"83406c5f-ca36-4ae3-a8df-53789c2ed0c6\"\r\n});\r\n<\/script>\t\t\t\t<\/div>\n\t\t\t\t\t<\/div>\n\t\t<\/div>\n\t\t\t\t<div class=\"elementor-column elementor-col-50 elementor-top-column elementor-element elementor-element-e65d655\" data-id=\"e65d655\" data-element_type=\"column\">\n\t\t\t<div class=\"elementor-widget-wrap elementor-element-populated\">\n\t\t\t\t\t\t<div class=\"elementor-element elementor-element-f00e378 elementor-widget elementor-widget-image\" data-id=\"f00e378\" data-element_type=\"widget\" data-widget_type=\"image.default\">\n\t\t\t\t\t\t\t\t\t\t\t\t\t\t\t<img fetchpriority=\"high\" decoding=\"async\" width=\"300\" height=\"359\" src=\"https:\/\/frenchwaytravel.com\/wp-content\/uploads\/2018\/08\/mascotte_signature.webp\" class=\"attachment-large size-large wp-image-3325\" alt=\"Mascotte\" srcset=\"https:\/\/frenchwaytravel.com\/wp-content\/uploads\/2018\/08\/mascotte_signature.webp 300w, https:\/\/frenchwaytravel.com\/wp-content\/uploads\/2018\/08\/mascotte_signature-251x300.jpg 251w\" sizes=\"(max-width: 300px) 100vw, 300px\" \/>\t\t\t\t\t\t\t\t\t\t\t\t\t\t\t<\/div>\n\t\t\t\t<div class=\"elementor-element elementor-element-0a940c3 elementor-widget elementor-widget-menu-anchor\" data-id=\"0a940c3\" data-element_type=\"widget\" data-widget_type=\"menu-anchor.default\">\n\t\t\t\t\t\t\t<div class=\"elementor-menu-anchor\" id=\"contactus\"><\/div>\n\t\t\t\t\t\t<\/div>\n\t\t\t\t<div class=\"elementor-element elementor-element-b0a11c9 elementor-widget elementor-widget-text-editor\" data-id=\"b0a11c9\" data-element_type=\"widget\" data-widget_type=\"text-editor.default\">\n\t\t\t\t\t\t\t\t\t<p>Contactez-nous pour savoir comment nous pouvons optimiser les d\u00e9penses de voyage de votre entreprise ou simplement planifier votre prochain voyage.<\/p><p><style type=\"text\/css\">\np.p1 {margin: 0.0px 0.0px 0.0px 0.0px; font: 12<br \/>px Helvetica; color: #000a48}<br \/><\/style><\/p>\t\t\t\t\t\t\t\t<\/div>\n\t\t\t\t\t<\/div>\n\t\t<\/div>\n\t\t\t\t\t<\/div>\n\t\t<\/section>\n\t\t\t\t<\/div>","protected":false},"excerpt":{"rendered":"<p>Voyage pour le sport Frenchway Travel Nous savons comment organiser les voyages pour tous les types d'\u00e9v\u00e9nements sportifs dans le monde entier. Nous nous assurons que les athl\u00e8tes et leur entourage se rendent l\u00e0 o\u00f9 ils doivent aller, dans les meilleures conditions. - [...]<\/p>","protected":false},"author":4,"featured_media":0,"parent":0,"menu_order":0,"comment_status":"closed","ping_status":"closed","template":"","meta":{"content-type":"","site-sidebar-layout":"no-sidebar","site-content-layout":"page-builder","ast-site-content-layout":"","site-content-style":"default","site-sidebar-style":"default","ast-global-header-display":"","ast-banner-title-visibility":"","ast-main-header-display":"","ast-hfb-above-header-display":"","ast-hfb-below-header-display":"","ast-hfb-mobile-header-display":"","site-post-title":"disabled","ast-breadcrumbs-content":"","ast-featured-img":"disabled","footer-sml-layout":"","theme-transparent-header-meta":"enabled","adv-header-id-meta":"","stick-header-meta":"enabled","header-above-stick-meta":"","header-main-stick-meta":"on","header-below-stick-meta":"","astra-migrate-meta-layouts":"default","ast-page-background-enabled":"default","ast-page-background-meta":{"desktop":{"background-color":"","background-image":"","background-repeat":"repeat","background-position":"center center","background-size":"auto","background-attachment":"scroll","background-type":"","background-media":"","overlay-type":"","overlay-color":"","overlay-opacity":"","overlay-gradient":""},"tablet":{"background-color":"","background-image":"","background-repeat":"repeat","background-position":"center center","background-size":"auto","background-attachment":"scroll","background-type":"","background-media":"","overlay-type":"","overlay-color":"","overlay-opacity":"","overlay-gradient":""},"mobile":{"background-color":"","background-image":"","background-repeat":"repeat","background-position":"center center","background-size":"auto","background-attachment":"scroll","background-type":"","background-media":"","overlay-type":"","overlay-color":"","overlay-opacity":"","overlay-gradient":""}},"ast-content-background-meta":{"desktop":{"background-color":"var(--ast-global-color-5)","background-image":"","background-repeat":"repeat","background-position":"center center","background-size":"auto","background-attachment":"scroll","background-type":"","background-media":"","overlay-type":"","overlay-color":"","overlay-opacity":"","overlay-gradient":""},"tablet":{"background-color":"var(--ast-global-color-5)","background-image":"","background-repeat":"repeat","background-position":"center center","background-size":"auto","background-attachment":"scroll","background-type":"","background-media":"","overlay-type":"","overlay-color":"","overlay-opacity":"","overlay-gradient":""},"mobile":{"background-color":"var(--ast-global-color-5)","background-image":"","background-repeat":"repeat","background-position":"center center","background-size":"auto","background-attachment":"scroll","background-type":"","background-media":"","overlay-type":"","overlay-color":"","overlay-opacity":"","overlay-gradient":""}},"footnotes":""},"class_list":["post-4202","page","type-page","status-publish","hentry"],"_links":{"self":[{"href":"https:\/\/frenchwaytravel.com\/fr\/wp-json\/wp\/v2\/pages\/4202","targetHints":{"allow":["GET"]}}],"collection":[{"href":"https:\/\/frenchwaytravel.com\/fr\/wp-json\/wp\/v2\/pages"}],"about":[{"href":"https:\/\/frenchwaytravel.com\/fr\/wp-json\/wp\/v2\/types\/page"}],"author":[{"embeddable":true,"href":"https:\/\/frenchwaytravel.com\/fr\/wp-json\/wp\/v2\/users\/4"}],"replies":[{"embeddable":true,"href":"https:\/\/frenchwaytravel.com\/fr\/wp-json\/wp\/v2\/comments?post=4202"}],"version-history":[{"count":45,"href":"https:\/\/frenchwaytravel.com\/fr\/wp-json\/wp\/v2\/pages\/4202\/revisions"}],"predecessor-version":[{"id":13983,"href":"https:\/\/frenchwaytravel.com\/fr\/wp-json\/wp\/v2\/pages\/4202\/revisions\/13983"}],"wp:attachment":[{"href":"https:\/\/frenchwaytravel.com\/fr\/wp-json\/wp\/v2\/media?parent=4202"}],"curies":[{"name":"wp","href":"https:\/\/api.w.org\/{rel}","templated":true}]}}