{"id":4207,"date":"2019-01-23T04:50:10","date_gmt":"2019-01-23T09:50:10","guid":{"rendered":""},"modified":"2024-09-24T23:43:17","modified_gmt":"2024-09-25T03:43:17","slug":"travel-for-music","status":"publish","type":"page","link":"https:\/\/frenchwaytravel.com\/fr\/travel-for-music\/","title":{"rendered":"Musique"},"content":{"rendered":"<div data-elementor-type=\"wp-post\" data-elementor-id=\"4207\" class=\"elementor elementor-4207\" data-elementor-post-type=\"page\">\n\t\t\t\t\t\t<section class=\"elementor-section elementor-top-section elementor-element elementor-element-e0be015 elementor-section-full_width elementor-section-height-min-height elementor-section-items-bottom elementor-section-height-default\" data-id=\"e0be015\" data-element_type=\"section\" data-settings=\"{&quot;background_background&quot;:&quot;classic&quot;}\">\n\t\t\t\t\t\t<div class=\"elementor-container elementor-column-gap-default\">\n\t\t\t\t\t<div class=\"elementor-column elementor-col-100 elementor-top-column elementor-element elementor-element-ed4c3f4\" data-id=\"ed4c3f4\" data-element_type=\"column\">\n\t\t\t<div class=\"elementor-widget-wrap\">\n\t\t\t\t\t\t\t<\/div>\n\t\t<\/div>\n\t\t\t\t\t<\/div>\n\t\t<\/section>\n\t\t\t\t<section class=\"elementor-section elementor-top-section elementor-element elementor-element-3ad68d9 elementor-section-boxed elementor-section-height-default elementor-section-height-default\" data-id=\"3ad68d9\" data-element_type=\"section\">\n\t\t\t\t\t\t<div class=\"elementor-container elementor-column-gap-default\">\n\t\t\t\t\t<div class=\"elementor-column elementor-col-100 elementor-top-column elementor-element elementor-element-3a3dc4b\" data-id=\"3a3dc4b\" data-element_type=\"column\">\n\t\t\t<div class=\"elementor-widget-wrap elementor-element-populated\">\n\t\t\t\t\t\t\t<\/div>\n\t\t<\/div>\n\t\t\t\t\t<\/div>\n\t\t<\/section>\n\t\t\t\t<section class=\"elementor-section elementor-top-section elementor-element elementor-element-c390fd1 elementor-section-height-min-height elementor-section-boxed elementor-section-height-default elementor-section-items-middle\" data-id=\"c390fd1\" data-element_type=\"section\" data-settings=\"{&quot;background_background&quot;:&quot;classic&quot;}\">\n\t\t\t\t\t\t<div class=\"elementor-container elementor-column-gap-default\">\n\t\t\t\t\t<div class=\"elementor-column elementor-col-50 elementor-top-column elementor-element elementor-element-5500e86\" data-id=\"5500e86\" data-element_type=\"column\">\n\t\t\t<div class=\"elementor-widget-wrap elementor-element-populated\">\n\t\t\t\t\t\t<div class=\"elementor-element elementor-element-30d7a85 elementor-widget elementor-widget-heading\" data-id=\"30d7a85\" data-element_type=\"widget\" data-widget_type=\"heading.default\">\n\t\t\t\t\t<h1 class=\"elementor-heading-title elementor-size-default\">Voyager pour la musique<br>\n- Frenchway Travel<\/h1>\t\t\t\t<\/div>\n\t\t\t\t\t<\/div>\n\t\t<\/div>\n\t\t\t\t<div class=\"elementor-column elementor-col-50 elementor-top-column elementor-element elementor-element-6b7cad5\" data-id=\"6b7cad5\" data-element_type=\"column\">\n\t\t\t<div class=\"elementor-widget-wrap elementor-element-populated\">\n\t\t\t\t\t\t\t<\/div>\n\t\t<\/div>\n\t\t\t\t\t<\/div>\n\t\t<\/section>\n\t\t\t\t<section class=\"elementor-section elementor-top-section elementor-element elementor-element-6cdd6e6 elementor-section-boxed elementor-section-height-default elementor-section-height-default\" data-id=\"6cdd6e6\" data-element_type=\"section\">\n\t\t\t\t\t\t<div class=\"elementor-container elementor-column-gap-default\">\n\t\t\t\t\t<div class=\"elementor-column elementor-col-100 elementor-top-column elementor-element elementor-element-45cd3f6\" data-id=\"45cd3f6\" data-element_type=\"column\">\n\t\t\t<div class=\"elementor-widget-wrap elementor-element-populated\">\n\t\t\t\t\t\t<div class=\"elementor-element elementor-element-33fd85b elementor-widget elementor-widget-image\" data-id=\"33fd85b\" data-element_type=\"widget\" data-widget_type=\"image.default\">\n\t\t\t\t\t\t\t\t\t\t\t\t\t\t\t<img decoding=\"async\" width=\"300\" height=\"57\" src=\"https:\/\/frenchwaytravel.com\/wp-content\/uploads\/2018\/08\/airplane-300x57.webp\" class=\"attachment-medium size-medium wp-image-3335\" alt=\"Air France\" srcset=\"https:\/\/frenchwaytravel.com\/wp-content\/uploads\/2018\/08\/airplane-300x57.webp 300w, https:\/\/frenchwaytravel.com\/wp-content\/uploads\/2018\/08\/airplane-768x146.webp 768w, https:\/\/frenchwaytravel.com\/wp-content\/uploads\/2018\/08\/airplane.webp 1024w\" sizes=\"(max-width: 300px) 100vw, 300px\" \/>\t\t\t\t\t\t\t\t\t\t\t\t\t\t\t<\/div>\n\t\t\t\t\t<\/div>\n\t\t<\/div>\n\t\t\t\t\t<\/div>\n\t\t<\/section>\n\t\t\t\t<section class=\"elementor-section elementor-top-section elementor-element elementor-element-6b488d2 elementor-section-boxed elementor-section-height-default elementor-section-height-default\" data-id=\"6b488d2\" data-element_type=\"section\">\n\t\t\t\t\t\t<div class=\"elementor-container elementor-column-gap-default\">\n\t\t\t\t\t<div class=\"elementor-column elementor-col-50 elementor-top-column elementor-element elementor-element-9ccacc2\" data-id=\"9ccacc2\" data-element_type=\"column\">\n\t\t\t<div class=\"elementor-widget-wrap elementor-element-populated\">\n\t\t\t\t\t\t<div class=\"elementor-element elementor-element-02b6d83 elementor-widget elementor-widget-image\" data-id=\"02b6d83\" data-element_type=\"widget\" data-widget_type=\"image.default\">\n\t\t\t\t\t\t\t\t\t\t\t\t\t\t\t<img decoding=\"async\" src=\"https:\/\/frenchwaytravel.com\/wp-content\/uploads\/elementor\/thumbs\/events_seminars_frenchway-oidn4lyudlzkaa32h56fey3or2t0o6kji4bnpx9g3c.jpg\" title=\"The Frenchway Travel - \u00c9v\u00e9nements\" alt=\"The Frenchway Travel - Events\" loading=\"lazy\" \/>\t\t\t\t\t\t\t\t\t\t\t\t\t\t\t<\/div>\n\t\t\t\t\t<\/div>\n\t\t<\/div>\n\t\t\t\t<div class=\"elementor-column elementor-col-50 elementor-top-column elementor-element elementor-element-98092a3\" data-id=\"98092a3\" data-element_type=\"column\">\n\t\t\t<div class=\"elementor-widget-wrap elementor-element-populated\">\n\t\t\t\t\t\t<div class=\"elementor-element elementor-element-0a0f6f2 elementor-widget elementor-widget-text-editor\" data-id=\"0a0f6f2\" data-element_type=\"widget\" data-widget_type=\"text-editor.default\">\n\t\t\t\t\t\t\t\t\t<p style=\"margin: 0cm 0cm 19.2pt; background-image: initial; background-position: initial; background-size: initial; background-repeat: initial; background-attachment: initial; background-origin: initial; background-clip: initial;\"><span style=\"font-size: 13pt; font-family: Arial, sans-serif; letter-spacing: 0.4pt;\">Nous savons parfaitement comment g\u00e9rer les voyages pour l'industrie de la musique.<br \/><\/span><span style=\"font-family: Arial, sans-serif; font-size: 13pt; letter-spacing: 0.4pt;\"><br \/>Nous veillons \u00e0 ce que les artistes, danseurs, chor\u00e9graphes et \u00e9quipes de production se rendent l\u00e0 o\u00f9 ils doivent aller, dans les meilleures conditions.<\/span><\/p>\t\t\t\t\t\t\t\t<\/div>\n\t\t\t\t\t<\/div>\n\t\t<\/div>\n\t\t\t\t\t<\/div>\n\t\t<\/section>\n\t\t\t\t<section class=\"elementor-section elementor-top-section elementor-element elementor-element-5980f0f elementor-section-height-min-height elementor-section-boxed elementor-section-height-default elementor-section-items-middle\" data-id=\"5980f0f\" data-element_type=\"section\" data-settings=\"{&quot;background_background&quot;:&quot;classic&quot;}\">\n\t\t\t\t\t\t<div class=\"elementor-container elementor-column-gap-default\">\n\t\t\t\t\t<div class=\"elementor-column elementor-col-100 elementor-top-column elementor-element elementor-element-2819c6b\" data-id=\"2819c6b\" data-element_type=\"column\">\n\t\t\t<div class=\"elementor-widget-wrap elementor-element-populated\">\n\t\t\t\t\t\t<div class=\"elementor-element elementor-element-2d1dd6b elementor-widget elementor-widget-heading\" data-id=\"2d1dd6b\" data-element_type=\"widget\" data-widget_type=\"heading.default\">\n\t\t\t\t\t<h2 class=\"elementor-heading-title elementor-size-default\">Nos services : Voyages pour la musique -<\/h2>\t\t\t\t<\/div>\n\t\t\t\t\t<\/div>\n\t\t<\/div>\n\t\t\t\t\t<\/div>\n\t\t<\/section>\n\t\t\t\t<section class=\"elementor-section elementor-top-section elementor-element elementor-element-7fe9d9f elementor-section-boxed elementor-section-height-default elementor-section-height-default\" data-id=\"7fe9d9f\" data-element_type=\"section\">\n\t\t\t\t\t\t<div class=\"elementor-container elementor-column-gap-default\">\n\t\t\t\t\t<div class=\"elementor-column elementor-col-100 elementor-top-column elementor-element elementor-element-1e1d479\" data-id=\"1e1d479\" data-element_type=\"column\">\n\t\t\t<div class=\"elementor-widget-wrap elementor-element-populated\">\n\t\t\t\t\t\t<div class=\"elementor-element elementor-element-ebae501 elementor-widget elementor-widget-text-editor\" data-id=\"ebae501\" data-element_type=\"widget\" data-widget_type=\"text-editor.default\">\n\t\t\t\t\t\t\t\t\t<ul><li>Une \u00e9quipe tr\u00e8s fiable et proactive, avec un agent d\u00e9di\u00e9 aux r\u00e9servations de votre entreprise.<\/li><li>Des bureaux \u00e0 Paris et \u00e0 New York, ce qui signifie que nous desservons presque tous les fuseaux horaires.<\/li><li style=\"font-weight: 400;\"><span style=\"font-size: 15px;\">Un num\u00e9ro de t\u00e9l\u00e9phone d'urgence pour les week-ends et les jours f\u00e9ri\u00e9s<\/span><\/li><li style=\"font-weight: 400;\"><span style=\"font-size: 15px;\">Possibilit\u00e9 de poser des options<\/span><\/li><li style=\"font-weight: 400;\"><span style=\"font-size: 15px;\">Meilleure classe affaires et <strong><a href=\"https:\/\/en.wikipedia.org\/wiki\/First_class\">premi\u00e8re classe<\/a><\/strong> tarifs<\/span><\/li><li>Des tarifs pr\u00e9f\u00e9rentiels dans les h\u00f4tels les plus recherch\u00e9s et une plateforme priv\u00e9e de r\u00e9servation d'h\u00f4tels.\u00a0<\/li><li style=\"font-weight: 400;\"><span style=\"font-size: 15px;\">Service VIP personnalis\u00e9<\/span><\/li><li style=\"font-weight: 400;\"><span style=\"font-size: 15px;\">Une comptabilit\u00e9 simplifi\u00e9e pour nos clients contractuels<\/span><\/li><li><span style=\"font-weight: 400; font-size: 15px;\">Et surtout, plus de 35 ans d'exp\u00e9rience\u00a0<\/span>g\u00e9rer l'organisation des voyages pour les industries cr\u00e9atives au rythme effr\u00e9n\u00e9\u00a0<\/li><\/ul>\t\t\t\t\t\t\t\t<\/div>\n\t\t\t\t\t<\/div>\n\t\t<\/div>\n\t\t\t\t\t<\/div>\n\t\t<\/section>\n\t\t\t\t<section class=\"elementor-section elementor-top-section elementor-element elementor-element-1315367 elementor-section-boxed elementor-section-height-default elementor-section-height-default\" data-id=\"1315367\" data-element_type=\"section\">\n\t\t\t\t\t\t<div class=\"elementor-container elementor-column-gap-default\">\n\t\t\t\t\t<div class=\"elementor-column elementor-col-100 elementor-top-column elementor-element elementor-element-ca7beda\" data-id=\"ca7beda\" data-element_type=\"column\">\n\t\t\t<div class=\"elementor-widget-wrap elementor-element-populated\">\n\t\t\t\t\t\t\t<\/div>\n\t\t<\/div>\n\t\t\t\t\t<\/div>\n\t\t<\/section>\n\t\t\t\t<section class=\"elementor-section elementor-top-section elementor-element elementor-element-b1278f2 elementor-section-boxed elementor-section-height-default elementor-section-height-default\" data-id=\"b1278f2\" data-element_type=\"section\">\n\t\t\t\t\t\t<div class=\"elementor-container elementor-column-gap-default\">\n\t\t\t\t\t<div class=\"elementor-column elementor-col-50 elementor-top-column elementor-element elementor-element-a4e47fe\" data-id=\"a4e47fe\" data-element_type=\"column\">\n\t\t\t<div class=\"elementor-widget-wrap elementor-element-populated\">\n\t\t\t\t\t\t<div class=\"elementor-element elementor-element-87330f2 elementor-widget elementor-widget-heading\" data-id=\"87330f2\" data-element_type=\"widget\" data-widget_type=\"heading.default\">\n\t\t\t\t\t<h2 class=\"elementor-heading-title elementor-size-default\"><a href=\"\">Laissez-nous un message!<\/a><\/h2>\t\t\t\t<\/div>\n\t\t\t\t<div class=\"elementor-element elementor-element-3359ba2 elementor-widget elementor-widget-html\" data-id=\"3359ba2\" data-element_type=\"widget\" data-widget_type=\"html.default\">\n\t\t\t\t\t<script charset=\"utf-8\" type=\"text\/javascript\" src=\"\/\/js.hsforms.net\/forms\/shell.js\"><\/script>\r\n<script>\r\n  hbspt.forms.create({\r\nportalId: \"5452542\",\r\nformId: \"83406c5f-ca36-4ae3-a8df-53789c2ed0c6\"\r\n});\r\n<\/script>\t\t\t\t<\/div>\n\t\t\t\t\t<\/div>\n\t\t<\/div>\n\t\t\t\t<div class=\"elementor-column elementor-col-50 elementor-top-column elementor-element elementor-element-218df92\" data-id=\"218df92\" data-element_type=\"column\">\n\t\t\t<div class=\"elementor-widget-wrap elementor-element-populated\">\n\t\t\t\t\t\t<div class=\"elementor-element elementor-element-3a52e25 elementor-widget elementor-widget-image\" data-id=\"3a52e25\" data-element_type=\"widget\" data-widget_type=\"image.default\">\n\t\t\t\t\t\t\t\t\t\t\t\t\t\t\t<img fetchpriority=\"high\" decoding=\"async\" width=\"300\" height=\"359\" src=\"https:\/\/frenchwaytravel.com\/wp-content\/uploads\/2018\/08\/mascotte_signature.webp\" class=\"attachment-large size-large wp-image-3325\" alt=\"Mascotte\" srcset=\"https:\/\/frenchwaytravel.com\/wp-content\/uploads\/2018\/08\/mascotte_signature.webp 300w, https:\/\/frenchwaytravel.com\/wp-content\/uploads\/2018\/08\/mascotte_signature-251x300.jpg 251w\" sizes=\"(max-width: 300px) 100vw, 300px\" \/>\t\t\t\t\t\t\t\t\t\t\t\t\t\t\t<\/div>\n\t\t\t\t<div class=\"elementor-element elementor-element-1f35120 elementor-widget elementor-widget-menu-anchor\" data-id=\"1f35120\" data-element_type=\"widget\" data-widget_type=\"menu-anchor.default\">\n\t\t\t\t\t\t\t<div class=\"elementor-menu-anchor\" id=\"contactus\"><\/div>\n\t\t\t\t\t\t<\/div>\n\t\t\t\t<div class=\"elementor-element elementor-element-baed573 elementor-widget elementor-widget-text-editor\" data-id=\"baed573\" data-element_type=\"widget\" data-widget_type=\"text-editor.default\">\n\t\t\t\t\t\t\t\t\t<p>Contactez-nous pour savoir comment nous pouvons optimiser les voyages de votre entreprise pour les d\u00e9penses de musique ou simplement pour planifier votre prochain voyage.<\/p><p><style type=\"text\/css\">\np.p1 {margin: 0.0px 0.0px 0.0px 0.0px; font: 12<br \/>px Helvetica; color: #000a48}<br \/><\/style><\/p>\t\t\t\t\t\t\t\t<\/div>\n\t\t\t\t\t<\/div>\n\t\t<\/div>\n\t\t\t\t\t<\/div>\n\t\t<\/section>\n\t\t\t\t<\/div>","protected":false},"excerpt":{"rendered":"<p>Voyages pour la musique Frenchway Travel Nous savons comment g\u00e9rer les voyages pour la musique dans l'industrie musicale. Nous nous assurons que les artistes, danseurs, chor\u00e9graphes et \u00e9quipes de production se rendent l\u00e0 o\u00f9 ils doivent aller, dans les meilleures conditions. Nos services : Voyage pour la musique - Une \u00e9quipe fiable et proactive, avec un agent d\u00e9di\u00e9 [...]<\/p>","protected":false},"author":4,"featured_media":0,"parent":0,"menu_order":0,"comment_status":"closed","ping_status":"closed","template":"","meta":{"content-type":"","site-sidebar-layout":"no-sidebar","site-content-layout":"page-builder","ast-site-content-layout":"","site-content-style":"default","site-sidebar-style":"default","ast-global-header-display":"","ast-banner-title-visibility":"","ast-main-header-display":"","ast-hfb-above-header-display":"","ast-hfb-below-header-display":"","ast-hfb-mobile-header-display":"","site-post-title":"disabled","ast-breadcrumbs-content":"","ast-featured-img":"disabled","footer-sml-layout":"","theme-transparent-header-meta":"enabled","adv-header-id-meta":"","stick-header-meta":"enabled","header-above-stick-meta":"","header-main-stick-meta":"on","header-below-stick-meta":"","astra-migrate-meta-layouts":"default","ast-page-background-enabled":"default","ast-page-background-meta":{"desktop":{"background-color":"","background-image":"","background-repeat":"repeat","background-position":"center center","background-size":"auto","background-attachment":"scroll","background-type":"","background-media":"","overlay-type":"","overlay-color":"","overlay-opacity":"","overlay-gradient":""},"tablet":{"background-color":"","background-image":"","background-repeat":"repeat","background-position":"center center","background-size":"auto","background-attachment":"scroll","background-type":"","background-media":"","overlay-type":"","overlay-color":"","overlay-opacity":"","overlay-gradient":""},"mobile":{"background-color":"","background-image":"","background-repeat":"repeat","background-position":"center center","background-size":"auto","background-attachment":"scroll","background-type":"","background-media":"","overlay-type":"","overlay-color":"","overlay-opacity":"","overlay-gradient":""}},"ast-content-background-meta":{"desktop":{"background-color":"var(--ast-global-color-5)","background-image":"","background-repeat":"repeat","background-position":"center center","background-size":"auto","background-attachment":"scroll","background-type":"","background-media":"","overlay-type":"","overlay-color":"","overlay-opacity":"","overlay-gradient":""},"tablet":{"background-color":"var(--ast-global-color-5)","background-image":"","background-repeat":"repeat","background-position":"center center","background-size":"auto","background-attachment":"scroll","background-type":"","background-media":"","overlay-type":"","overlay-color":"","overlay-opacity":"","overlay-gradient":""},"mobile":{"background-color":"var(--ast-global-color-5)","background-image":"","background-repeat":"repeat","background-position":"center center","background-size":"auto","background-attachment":"scroll","background-type":"","background-media":"","overlay-type":"","overlay-color":"","overlay-opacity":"","overlay-gradient":""}},"footnotes":""},"class_list":["post-4207","page","type-page","status-publish","hentry"],"_links":{"self":[{"href":"https:\/\/frenchwaytravel.com\/fr\/wp-json\/wp\/v2\/pages\/4207","targetHints":{"allow":["GET"]}}],"collection":[{"href":"https:\/\/frenchwaytravel.com\/fr\/wp-json\/wp\/v2\/pages"}],"about":[{"href":"https:\/\/frenchwaytravel.com\/fr\/wp-json\/wp\/v2\/types\/page"}],"author":[{"embeddable":true,"href":"https:\/\/frenchwaytravel.com\/fr\/wp-json\/wp\/v2\/users\/4"}],"replies":[{"embeddable":true,"href":"https:\/\/frenchwaytravel.com\/fr\/wp-json\/wp\/v2\/comments?post=4207"}],"version-history":[{"count":40,"href":"https:\/\/frenchwaytravel.com\/fr\/wp-json\/wp\/v2\/pages\/4207\/revisions"}],"predecessor-version":[{"id":13982,"href":"https:\/\/frenchwaytravel.com\/fr\/wp-json\/wp\/v2\/pages\/4207\/revisions\/13982"}],"wp:attachment":[{"href":"https:\/\/frenchwaytravel.com\/fr\/wp-json\/wp\/v2\/media?parent=4207"}],"curies":[{"name":"wp","href":"https:\/\/api.w.org\/{rel}","templated":true}]}}