{"id":4216,"date":"2019-01-23T04:53:43","date_gmt":"2019-01-23T09:53:43","guid":{"rendered":""},"modified":"2024-09-25T00:07:50","modified_gmt":"2024-09-25T04:07:50","slug":"event-travel","status":"publish","type":"page","link":"https:\/\/frenchwaytravel.com\/fr\/event-travel\/","title":{"rendered":"Voyages \u00e9v\u00e9nementiels"},"content":{"rendered":"<div data-elementor-type=\"wp-post\" data-elementor-id=\"4216\" class=\"elementor elementor-4216\" data-elementor-post-type=\"page\">\n\t\t\t\t\t\t<section class=\"elementor-section elementor-top-section elementor-element elementor-element-e0be015 elementor-section-full_width elementor-section-height-min-height elementor-section-items-bottom elementor-section-height-default\" data-id=\"e0be015\" data-element_type=\"section\" data-settings=\"{&quot;background_background&quot;:&quot;classic&quot;}\">\n\t\t\t\t\t\t<div class=\"elementor-container elementor-column-gap-default\">\n\t\t\t\t\t<div class=\"elementor-column elementor-col-100 elementor-top-column elementor-element elementor-element-ed4c3f4\" data-id=\"ed4c3f4\" data-element_type=\"column\">\n\t\t\t<div class=\"elementor-widget-wrap\">\n\t\t\t\t\t\t\t<\/div>\n\t\t<\/div>\n\t\t\t\t\t<\/div>\n\t\t<\/section>\n\t\t\t\t<section class=\"elementor-section elementor-top-section elementor-element elementor-element-2bd2a15 elementor-section-boxed elementor-section-height-default elementor-section-height-default\" data-id=\"2bd2a15\" data-element_type=\"section\">\n\t\t\t\t\t\t<div class=\"elementor-container elementor-column-gap-default\">\n\t\t\t\t\t<div class=\"elementor-column elementor-col-100 elementor-top-column elementor-element elementor-element-a022cff\" data-id=\"a022cff\" data-element_type=\"column\">\n\t\t\t<div class=\"elementor-widget-wrap elementor-element-populated\">\n\t\t\t\t\t\t\t<\/div>\n\t\t<\/div>\n\t\t\t\t\t<\/div>\n\t\t<\/section>\n\t\t\t\t<section class=\"elementor-section elementor-top-section elementor-element elementor-element-68e66c3 elementor-section-boxed elementor-section-height-default elementor-section-height-default\" data-id=\"68e66c3\" data-element_type=\"section\">\n\t\t\t\t\t\t<div class=\"elementor-container elementor-column-gap-default\">\n\t\t\t\t\t<div class=\"elementor-column elementor-col-100 elementor-top-column elementor-element elementor-element-2489e58\" data-id=\"2489e58\" data-element_type=\"column\">\n\t\t\t<div class=\"elementor-widget-wrap elementor-element-populated\">\n\t\t\t\t\t\t\t<\/div>\n\t\t<\/div>\n\t\t\t\t\t<\/div>\n\t\t<\/section>\n\t\t\t\t<section class=\"elementor-section elementor-top-section elementor-element elementor-element-3d232fc elementor-section-boxed elementor-section-height-default elementor-section-height-default\" data-id=\"3d232fc\" data-element_type=\"section\">\n\t\t\t\t\t\t<div class=\"elementor-container elementor-column-gap-default\">\n\t\t\t\t\t<div class=\"elementor-column elementor-col-100 elementor-top-column elementor-element elementor-element-0424d3c\" data-id=\"0424d3c\" data-element_type=\"column\">\n\t\t\t<div class=\"elementor-widget-wrap elementor-element-populated\">\n\t\t\t\t\t\t<div class=\"elementor-element elementor-element-c4d441f elementor-widget elementor-widget-heading\" data-id=\"c4d441f\" data-element_type=\"widget\" data-widget_type=\"heading.default\">\n\t\t\t\t\t<h1 class=\"elementor-heading-title elementor-size-default\">Voyages pour les \u00e9v\u00e9nements et les s\u00e9minaires<br>  - Frenchway Travel<\/h1>\t\t\t\t<\/div>\n\t\t\t\t\t<\/div>\n\t\t<\/div>\n\t\t\t\t\t<\/div>\n\t\t<\/section>\n\t\t\t\t<section class=\"elementor-section elementor-top-section elementor-element elementor-element-1e01405 elementor-section-boxed elementor-section-height-default elementor-section-height-default\" data-id=\"1e01405\" data-element_type=\"section\">\n\t\t\t\t\t\t<div class=\"elementor-container elementor-column-gap-default\">\n\t\t\t\t\t<div class=\"elementor-column elementor-col-100 elementor-top-column elementor-element elementor-element-08ef350\" data-id=\"08ef350\" data-element_type=\"column\">\n\t\t\t<div class=\"elementor-widget-wrap elementor-element-populated\">\n\t\t\t\t\t\t<div class=\"elementor-element elementor-element-e0cbd0d elementor-widget elementor-widget-image\" data-id=\"e0cbd0d\" data-element_type=\"widget\" data-widget_type=\"image.default\">\n\t\t\t\t\t\t\t\t\t\t\t\t\t\t\t<img decoding=\"async\" width=\"300\" height=\"57\" src=\"https:\/\/frenchwaytravel.com\/wp-content\/uploads\/2018\/08\/airplane-300x57.webp\" class=\"attachment-medium size-medium wp-image-3335\" alt=\"Air France\" srcset=\"https:\/\/frenchwaytravel.com\/wp-content\/uploads\/2018\/08\/airplane-300x57.webp 300w, https:\/\/frenchwaytravel.com\/wp-content\/uploads\/2018\/08\/airplane-768x146.webp 768w, https:\/\/frenchwaytravel.com\/wp-content\/uploads\/2018\/08\/airplane.webp 1024w\" sizes=\"(max-width: 300px) 100vw, 300px\" \/>\t\t\t\t\t\t\t\t\t\t\t\t\t\t\t<\/div>\n\t\t\t\t\t<\/div>\n\t\t<\/div>\n\t\t\t\t\t<\/div>\n\t\t<\/section>\n\t\t\t\t<section class=\"elementor-section elementor-top-section elementor-element elementor-element-eeef7b9 elementor-section-height-min-height elementor-section-boxed elementor-section-height-default elementor-section-items-middle\" data-id=\"eeef7b9\" data-element_type=\"section\">\n\t\t\t\t\t\t<div class=\"elementor-container elementor-column-gap-default\">\n\t\t\t\t\t<div class=\"elementor-column elementor-col-100 elementor-top-column elementor-element elementor-element-d02c017\" data-id=\"d02c017\" data-element_type=\"column\">\n\t\t\t<div class=\"elementor-widget-wrap elementor-element-populated\">\n\t\t\t\t\t\t<section class=\"elementor-section elementor-inner-section elementor-element elementor-element-a5ee353 elementor-section-boxed elementor-section-height-default elementor-section-height-default\" data-id=\"a5ee353\" data-element_type=\"section\">\n\t\t\t\t\t\t<div class=\"elementor-container elementor-column-gap-default\">\n\t\t\t\t\t<div class=\"elementor-column elementor-col-50 elementor-inner-column elementor-element elementor-element-736c4ea\" data-id=\"736c4ea\" data-element_type=\"column\">\n\t\t\t<div class=\"elementor-widget-wrap elementor-element-populated\">\n\t\t\t\t\t\t<div class=\"elementor-element elementor-element-94a3648 elementor-widget elementor-widget-image\" data-id=\"94a3648\" data-element_type=\"widget\" data-widget_type=\"image.default\">\n\t\t\t\t\t\t\t\t\t\t\t\t\t\t\t<img fetchpriority=\"high\" decoding=\"async\" width=\"300\" height=\"300\" src=\"https:\/\/frenchwaytravel.com\/wp-content\/uploads\/2018\/06\/FW_website_icons_0618-11-300x300.webp\" class=\"attachment-medium size-medium wp-image-2355\" alt=\"Travel for Events\" srcset=\"https:\/\/frenchwaytravel.com\/wp-content\/uploads\/2018\/06\/FW_website_icons_0618-11-300x300.webp 300w, https:\/\/frenchwaytravel.com\/wp-content\/uploads\/2018\/06\/FW_website_icons_0618-11-150x150.webp 150w, https:\/\/frenchwaytravel.com\/wp-content\/uploads\/2018\/06\/FW_website_icons_0618-11-768x768.webp 768w, https:\/\/frenchwaytravel.com\/wp-content\/uploads\/2018\/06\/FW_website_icons_0618-11.webp 800w\" sizes=\"(max-width: 300px) 100vw, 300px\" \/>\t\t\t\t\t\t\t\t\t\t\t\t\t\t\t<\/div>\n\t\t\t\t\t<\/div>\n\t\t<\/div>\n\t\t\t\t<div class=\"elementor-column elementor-col-50 elementor-inner-column elementor-element elementor-element-4c5c035\" data-id=\"4c5c035\" data-element_type=\"column\">\n\t\t\t<div class=\"elementor-widget-wrap elementor-element-populated\">\n\t\t\t\t\t\t<div class=\"elementor-element elementor-element-3b83398 elementor-widget elementor-widget-text-editor\" data-id=\"3b83398\" data-element_type=\"widget\" data-widget_type=\"text-editor.default\">\n\t\t\t\t\t\t\t\t\t<p><span style=\"font-size: 17px;\">\u00a0 \u00a0 \u00a0 \u00a0 \u00a0 \u00a0 \u00a0 \u00a0 \u00a0 \u00a0 \u00a0 \u00a0 \u00a0 \u00a0 \u00a0 \u00a0 \u00a0 \u00a0 \u00a0 \u00a0 \u00a0 \u00a0 \u00a0 \u00a0 \u00a0 \u00a0 \u00a0 \u00a0 \u00a0 \u00a0 \u00a0 \u00a0 \u00a0 \u00a0 \u00a0 \u00a0 \u00a0 \u00a0 \u00a0 Qu'il s'agisse d'un s\u00e9minaire, d'une retraite de team building\u00a0<\/span><span style=\"font-size: 17px;\">ou de voyager pour un \u00e9v\u00e9nement sp\u00e9cifique, les sp\u00e9cialistes de Frenchway Travel se feront un plaisir d'organiser le prochain voyage de votre \u00e9quipe.\u00a0 \u00a0<\/span><\/p><p><span style=\"font-size: 17px;\">Nous avons acc\u00e8s \u00e0 des tarifs de groupe pour les compagnies a\u00e9riennes et les h\u00f4tels, et pouvons assurer la logistique sur place.<\/span><\/p>\t\t\t\t\t\t\t\t<\/div>\n\t\t\t\t\t<\/div>\n\t\t<\/div>\n\t\t\t\t\t<\/div>\n\t\t<\/section>\n\t\t\t\t<div class=\"elementor-element elementor-element-0a218f0 elementor-widget elementor-widget-spacer\" data-id=\"0a218f0\" data-element_type=\"widget\" data-widget_type=\"spacer.default\">\n\t\t\t\t\t\t\t<div class=\"elementor-spacer\">\n\t\t\t<div class=\"elementor-spacer-inner\"><\/div>\n\t\t<\/div>\n\t\t\t\t\t\t<\/div>\n\t\t\t\t\t<\/div>\n\t\t<\/div>\n\t\t\t\t\t<\/div>\n\t\t<\/section>\n\t\t\t\t<section class=\"elementor-section elementor-top-section elementor-element elementor-element-5980f0f elementor-section-height-min-height elementor-section-boxed elementor-section-height-default elementor-section-items-middle\" data-id=\"5980f0f\" data-element_type=\"section\" data-settings=\"{&quot;background_background&quot;:&quot;classic&quot;}\">\n\t\t\t\t\t\t<div class=\"elementor-container elementor-column-gap-default\">\n\t\t\t\t\t<div class=\"elementor-column elementor-col-100 elementor-top-column elementor-element elementor-element-2819c6b\" data-id=\"2819c6b\" data-element_type=\"column\">\n\t\t\t<div class=\"elementor-widget-wrap elementor-element-populated\">\n\t\t\t\t\t\t<div class=\"elementor-element elementor-element-2d1dd6b elementor-widget elementor-widget-heading\" data-id=\"2d1dd6b\" data-element_type=\"widget\" data-widget_type=\"heading.default\">\n\t\t\t\t\t<h2 class=\"elementor-heading-title elementor-size-default\">Nos services : Voyages \u00e9v\u00e9nementiels -<\/h2>\t\t\t\t<\/div>\n\t\t\t\t\t<\/div>\n\t\t<\/div>\n\t\t\t\t\t<\/div>\n\t\t<\/section>\n\t\t\t\t<section class=\"elementor-section elementor-top-section elementor-element elementor-element-7fe9d9f elementor-section-boxed elementor-section-height-default elementor-section-height-default\" data-id=\"7fe9d9f\" data-element_type=\"section\">\n\t\t\t\t\t\t<div class=\"elementor-container elementor-column-gap-default\">\n\t\t\t\t\t<div class=\"elementor-column elementor-col-100 elementor-top-column elementor-element elementor-element-1e1d479\" data-id=\"1e1d479\" data-element_type=\"column\">\n\t\t\t<div class=\"elementor-widget-wrap elementor-element-populated\">\n\t\t\t\t\t\t<div class=\"elementor-element elementor-element-ebae501 elementor-widget elementor-widget-text-editor\" data-id=\"ebae501\" data-element_type=\"widget\" data-widget_type=\"text-editor.default\">\n\t\t\t\t\t\t\t\t\t<ul><li>Une \u00e9quipe tr\u00e8s fiable et proactive, avec un agent d\u00e9di\u00e9 aux r\u00e9servations de votre entreprise.<\/li><li>Des bureaux \u00e0 Paris et \u00e0 New York, ce qui signifie que nous desservons presque tous les fuseaux horaires.<\/li><li style=\"font-weight: 400;\"><span style=\"font-size: 15px;\">Un num\u00e9ro de t\u00e9l\u00e9phone d'urgence pour les week-ends et les jours f\u00e9ri\u00e9s.<\/span><\/li><li style=\"font-weight: 400;\"><span style=\"font-size: 15px;\">Possibilit\u00e9 de poser des options.<\/span><\/li><li style=\"font-weight: 400;\"><span style=\"font-size: 15px;\">Meilleure classe affaires et <strong><a href=\"https:\/\/en.wikipedia.org\/wiki\/First_class\">premi\u00e8re classe<\/a><\/strong> taux.<\/span><\/li><li>Des tarifs pr\u00e9f\u00e9rentiels dans les h\u00f4tels les plus recherch\u00e9s ainsi qu'une plateforme priv\u00e9e de r\u00e9servation d'h\u00f4tels.\u00a0<\/li><li style=\"font-weight: 400;\"><span style=\"font-size: 15px;\">Service VIP personnalis\u00e9.<\/span><\/li><li style=\"font-weight: 400;\"><span style=\"font-size: 15px;\">Rationalisation de la comptabilit\u00e9 pour nos clients contractuels.<\/span><\/li><li><span style=\"font-weight: 400; font-size: 15px;\">Et surtout, plus de 35 ans d'exp\u00e9rience\u00a0<\/span>s'occuper de l'organisation des voyages pour les industries cr\u00e9atives au rythme effr\u00e9n\u00e9.<\/li><\/ul>\t\t\t\t\t\t\t\t<\/div>\n\t\t\t\t\t<\/div>\n\t\t<\/div>\n\t\t\t\t\t<\/div>\n\t\t<\/section>\n\t\t\t\t<section class=\"elementor-section elementor-top-section elementor-element elementor-element-b08a50a elementor-section-boxed elementor-section-height-default elementor-section-height-default\" data-id=\"b08a50a\" data-element_type=\"section\">\n\t\t\t\t\t\t<div class=\"elementor-container elementor-column-gap-default\">\n\t\t\t\t\t<div class=\"elementor-column elementor-col-100 elementor-top-column elementor-element elementor-element-b695a43\" data-id=\"b695a43\" data-element_type=\"column\">\n\t\t\t<div class=\"elementor-widget-wrap elementor-element-populated\">\n\t\t\t\t\t\t\t<\/div>\n\t\t<\/div>\n\t\t\t\t\t<\/div>\n\t\t<\/section>\n\t\t\t\t<section class=\"elementor-section elementor-top-section elementor-element elementor-element-4ec364f elementor-section-boxed elementor-section-height-default elementor-section-height-default\" data-id=\"4ec364f\" data-element_type=\"section\">\n\t\t\t\t\t\t<div class=\"elementor-container elementor-column-gap-default\">\n\t\t\t\t\t<div class=\"elementor-column elementor-col-50 elementor-top-column elementor-element elementor-element-d2cd253\" data-id=\"d2cd253\" data-element_type=\"column\">\n\t\t\t<div class=\"elementor-widget-wrap elementor-element-populated\">\n\t\t\t\t\t\t<div class=\"elementor-element elementor-element-e99976e elementor-widget elementor-widget-heading\" data-id=\"e99976e\" data-element_type=\"widget\" data-widget_type=\"heading.default\">\n\t\t\t\t\t<h2 class=\"elementor-heading-title elementor-size-default\"><a href=\"\">Laissez-nous un message!<\/a><\/h2>\t\t\t\t<\/div>\n\t\t\t\t<div class=\"elementor-element elementor-element-71b6a89 elementor-widget elementor-widget-html\" data-id=\"71b6a89\" data-element_type=\"widget\" data-widget_type=\"html.default\">\n\t\t\t\t\t<script charset=\"utf-8\" type=\"text\/javascript\" src=\"\/\/js.hsforms.net\/forms\/shell.js\"><\/script>\r\n<script>\r\n  hbspt.forms.create({\r\nportalId: \"5452542\",\r\nformId: \"83406c5f-ca36-4ae3-a8df-53789c2ed0c6\"\r\n});\r\n<\/script>\t\t\t\t<\/div>\n\t\t\t\t\t<\/div>\n\t\t<\/div>\n\t\t\t\t<div class=\"elementor-column elementor-col-50 elementor-top-column elementor-element elementor-element-613ac5f\" data-id=\"613ac5f\" data-element_type=\"column\">\n\t\t\t<div class=\"elementor-widget-wrap elementor-element-populated\">\n\t\t\t\t\t\t<div class=\"elementor-element elementor-element-4a88c2b elementor-widget elementor-widget-image\" data-id=\"4a88c2b\" data-element_type=\"widget\" data-widget_type=\"image.default\">\n\t\t\t\t\t\t\t\t\t\t\t\t\t\t\t<img decoding=\"async\" width=\"300\" height=\"359\" src=\"https:\/\/frenchwaytravel.com\/wp-content\/uploads\/2018\/08\/mascotte_signature.webp\" class=\"attachment-large size-large wp-image-3325\" alt=\"Mascotte\" srcset=\"https:\/\/frenchwaytravel.com\/wp-content\/uploads\/2018\/08\/mascotte_signature.webp 300w, https:\/\/frenchwaytravel.com\/wp-content\/uploads\/2018\/08\/mascotte_signature-251x300.jpg 251w\" sizes=\"(max-width: 300px) 100vw, 300px\" \/>\t\t\t\t\t\t\t\t\t\t\t\t\t\t\t<\/div>\n\t\t\t\t<div class=\"elementor-element elementor-element-f25b99b elementor-widget elementor-widget-menu-anchor\" data-id=\"f25b99b\" data-element_type=\"widget\" data-widget_type=\"menu-anchor.default\">\n\t\t\t\t\t\t\t<div class=\"elementor-menu-anchor\" id=\"contactus\"><\/div>\n\t\t\t\t\t\t<\/div>\n\t\t\t\t<div class=\"elementor-element elementor-element-8a8b8c6 elementor-widget elementor-widget-text-editor\" data-id=\"8a8b8c6\" data-element_type=\"widget\" data-widget_type=\"text-editor.default\">\n\t\t\t\t\t\t\t\t\t<p>Contactez-nous pour savoir comment nous pouvons optimiser les d\u00e9penses de votre entreprise en mati\u00e8re de voyages d'affaires ou simplement pour planifier votre prochain voyage.<\/p>\n<p><style type=\"text\/css\">\np.p1 {margin: 0.0px 0.0px 0.0px 0.0px; font: 12<br \/>px Helvetica; color: #000a48}<br \/><\/style>\n<\/p>\t\t\t\t\t\t\t\t<\/div>\n\t\t\t\t\t<\/div>\n\t\t<\/div>\n\t\t\t\t\t<\/div>\n\t\t<\/section>\n\t\t\t\t<\/div>","protected":false},"excerpt":{"rendered":"<p>Voyage pour \u00e9v\u00e9nements et s\u00e9minaires Frenchway Travel Qu'il s'agisse d'un s\u00e9minaire, d'une retraite de team building ou [...]<\/p>","protected":false},"author":4,"featured_media":0,"parent":0,"menu_order":0,"comment_status":"closed","ping_status":"closed","template":"","meta":{"content-type":"","site-sidebar-layout":"no-sidebar","site-content-layout":"page-builder","ast-site-content-layout":"","site-content-style":"default","site-sidebar-style":"default","ast-global-header-display":"","ast-banner-title-visibility":"","ast-main-header-display":"","ast-hfb-above-header-display":"","ast-hfb-below-header-display":"","ast-hfb-mobile-header-display":"","site-post-title":"disabled","ast-breadcrumbs-content":"","ast-featured-img":"disabled","footer-sml-layout":"","theme-transparent-header-meta":"enabled","adv-header-id-meta":"","stick-header-meta":"enabled","header-above-stick-meta":"","header-main-stick-meta":"on","header-below-stick-meta":"","astra-migrate-meta-layouts":"default","ast-page-background-enabled":"default","ast-page-background-meta":{"desktop":{"background-color":"","background-image":"","background-repeat":"repeat","background-position":"center center","background-size":"auto","background-attachment":"scroll","background-type":"","background-media":"","overlay-type":"","overlay-color":"","overlay-opacity":"","overlay-gradient":""},"tablet":{"background-color":"","background-image":"","background-repeat":"repeat","background-position":"center center","background-size":"auto","background-attachment":"scroll","background-type":"","background-media":"","overlay-type":"","overlay-color":"","overlay-opacity":"","overlay-gradient":""},"mobile":{"background-color":"","background-image":"","background-repeat":"repeat","background-position":"center center","background-size":"auto","background-attachment":"scroll","background-type":"","background-media":"","overlay-type":"","overlay-color":"","overlay-opacity":"","overlay-gradient":""}},"ast-content-background-meta":{"desktop":{"background-color":"var(--ast-global-color-5)","background-image":"","background-repeat":"repeat","background-position":"center center","background-size":"auto","background-attachment":"scroll","background-type":"","background-media":"","overlay-type":"","overlay-color":"","overlay-opacity":"","overlay-gradient":""},"tablet":{"background-color":"var(--ast-global-color-5)","background-image":"","background-repeat":"repeat","background-position":"center center","background-size":"auto","background-attachment":"scroll","background-type":"","background-media":"","overlay-type":"","overlay-color":"","overlay-opacity":"","overlay-gradient":""},"mobile":{"background-color":"var(--ast-global-color-5)","background-image":"","background-repeat":"repeat","background-position":"center center","background-size":"auto","background-attachment":"scroll","background-type":"","background-media":"","overlay-type":"","overlay-color":"","overlay-opacity":"","overlay-gradient":""}},"footnotes":""},"class_list":["post-4216","page","type-page","status-publish","hentry"],"_links":{"self":[{"href":"https:\/\/frenchwaytravel.com\/fr\/wp-json\/wp\/v2\/pages\/4216","targetHints":{"allow":["GET"]}}],"collection":[{"href":"https:\/\/frenchwaytravel.com\/fr\/wp-json\/wp\/v2\/pages"}],"about":[{"href":"https:\/\/frenchwaytravel.com\/fr\/wp-json\/wp\/v2\/types\/page"}],"author":[{"embeddable":true,"href":"https:\/\/frenchwaytravel.com\/fr\/wp-json\/wp\/v2\/users\/4"}],"replies":[{"embeddable":true,"href":"https:\/\/frenchwaytravel.com\/fr\/wp-json\/wp\/v2\/comments?post=4216"}],"version-history":[{"count":51,"href":"https:\/\/frenchwaytravel.com\/fr\/wp-json\/wp\/v2\/pages\/4216\/revisions"}],"predecessor-version":[{"id":14116,"href":"https:\/\/frenchwaytravel.com\/fr\/wp-json\/wp\/v2\/pages\/4216\/revisions\/14116"}],"wp:attachment":[{"href":"https:\/\/frenchwaytravel.com\/fr\/wp-json\/wp\/v2\/media?parent=4216"}],"curies":[{"name":"wp","href":"https:\/\/api.w.org\/{rel}","templated":true}]}}