{"id":5238,"date":"2019-06-21T14:22:58","date_gmt":"2019-06-21T18:22:58","guid":{"rendered":""},"modified":"2024-09-25T00:08:47","modified_gmt":"2024-09-25T04:08:47","slug":"tv-cinema","status":"publish","type":"page","link":"https:\/\/frenchwaytravel.com\/fr\/tv-cinema\/","title":{"rendered":"T\u00e9l\u00e9vision et cin\u00e9ma"},"content":{"rendered":"<div data-elementor-type=\"wp-post\" data-elementor-id=\"5238\" class=\"elementor elementor-5238\" data-elementor-post-type=\"page\">\n\t\t\t\t\t\t<section class=\"elementor-section elementor-top-section elementor-element elementor-element-e0be015 elementor-section-full_width elementor-section-height-min-height elementor-section-items-bottom elementor-section-height-default\" data-id=\"e0be015\" data-element_type=\"section\" data-settings=\"{&quot;background_background&quot;:&quot;classic&quot;}\">\n\t\t\t\t\t\t<div class=\"elementor-container elementor-column-gap-default\">\n\t\t\t\t\t<div class=\"elementor-column elementor-col-100 elementor-top-column elementor-element elementor-element-ed4c3f4\" data-id=\"ed4c3f4\" data-element_type=\"column\">\n\t\t\t<div class=\"elementor-widget-wrap\">\n\t\t\t\t\t\t\t<\/div>\n\t\t<\/div>\n\t\t\t\t\t<\/div>\n\t\t<\/section>\n\t\t\t\t<section class=\"elementor-section elementor-top-section elementor-element elementor-element-6e1adf3 elementor-section-boxed elementor-section-height-default elementor-section-height-default\" data-id=\"6e1adf3\" data-element_type=\"section\">\n\t\t\t\t\t\t<div class=\"elementor-container elementor-column-gap-default\">\n\t\t\t\t\t<div class=\"elementor-column elementor-col-100 elementor-top-column elementor-element elementor-element-1881eef\" data-id=\"1881eef\" data-element_type=\"column\">\n\t\t\t<div class=\"elementor-widget-wrap elementor-element-populated\">\n\t\t\t\t\t\t\t<\/div>\n\t\t<\/div>\n\t\t\t\t\t<\/div>\n\t\t<\/section>\n\t\t\t\t<section class=\"elementor-section elementor-top-section elementor-element elementor-element-a57c65b elementor-section-boxed elementor-section-height-default elementor-section-height-default\" data-id=\"a57c65b\" data-element_type=\"section\">\n\t\t\t\t\t\t<div class=\"elementor-container elementor-column-gap-default\">\n\t\t\t\t\t<div class=\"elementor-column elementor-col-100 elementor-top-column elementor-element elementor-element-289c16d\" data-id=\"289c16d\" data-element_type=\"column\">\n\t\t\t<div class=\"elementor-widget-wrap elementor-element-populated\">\n\t\t\t\t\t\t\t<\/div>\n\t\t<\/div>\n\t\t\t\t\t<\/div>\n\t\t<\/section>\n\t\t\t\t<section class=\"elementor-section elementor-top-section elementor-element elementor-element-1292ff6 elementor-section-boxed elementor-section-height-default elementor-section-height-default\" data-id=\"1292ff6\" data-element_type=\"section\">\n\t\t\t\t\t\t<div class=\"elementor-container elementor-column-gap-default\">\n\t\t\t\t\t<div class=\"elementor-column elementor-col-100 elementor-top-column elementor-element elementor-element-cb04cab\" data-id=\"cb04cab\" data-element_type=\"column\">\n\t\t\t<div class=\"elementor-widget-wrap elementor-element-populated\">\n\t\t\t\t\t\t<div class=\"elementor-element elementor-element-e3c5367 elementor-widget elementor-widget-heading\" data-id=\"e3c5367\" data-element_type=\"widget\" data-widget_type=\"heading.default\">\n\t\t\t\t\t<h1 class=\"elementor-heading-title elementor-size-default\">Voyages pour les productions t\u00e9l\u00e9visuelles et cin\u00e9matographiques<br>- Frenchway Travel<\/h1>\t\t\t\t<\/div>\n\t\t\t\t\t<\/div>\n\t\t<\/div>\n\t\t\t\t\t<\/div>\n\t\t<\/section>\n\t\t\t\t<section class=\"elementor-section elementor-top-section elementor-element elementor-element-cd98ae5 elementor-section-boxed elementor-section-height-default elementor-section-height-default\" data-id=\"cd98ae5\" data-element_type=\"section\">\n\t\t\t\t\t\t<div class=\"elementor-container elementor-column-gap-default\">\n\t\t\t\t\t<div class=\"elementor-column elementor-col-100 elementor-top-column elementor-element elementor-element-17a5627\" data-id=\"17a5627\" data-element_type=\"column\">\n\t\t\t<div class=\"elementor-widget-wrap elementor-element-populated\">\n\t\t\t\t\t\t<div class=\"elementor-element elementor-element-6ea2b74 elementor-widget elementor-widget-image\" data-id=\"6ea2b74\" data-element_type=\"widget\" data-widget_type=\"image.default\">\n\t\t\t\t\t\t\t\t\t\t\t\t\t\t\t<img decoding=\"async\" width=\"300\" height=\"57\" src=\"https:\/\/frenchwaytravel.com\/wp-content\/uploads\/2018\/08\/airplane-300x57.webp\" class=\"attachment-medium size-medium wp-image-3335\" alt=\"Air France\" srcset=\"https:\/\/frenchwaytravel.com\/wp-content\/uploads\/2018\/08\/airplane-300x57.webp 300w, https:\/\/frenchwaytravel.com\/wp-content\/uploads\/2018\/08\/airplane-768x146.webp 768w, https:\/\/frenchwaytravel.com\/wp-content\/uploads\/2018\/08\/airplane.webp 1024w\" sizes=\"(max-width: 300px) 100vw, 300px\" \/>\t\t\t\t\t\t\t\t\t\t\t\t\t\t\t<\/div>\n\t\t\t\t\t<\/div>\n\t\t<\/div>\n\t\t\t\t\t<\/div>\n\t\t<\/section>\n\t\t\t\t<section class=\"elementor-section elementor-top-section elementor-element elementor-element-2c8857e elementor-section-height-min-height elementor-section-boxed elementor-section-height-default elementor-section-items-middle\" data-id=\"2c8857e\" data-element_type=\"section\">\n\t\t\t\t\t\t<div class=\"elementor-container elementor-column-gap-default\">\n\t\t\t\t\t<div class=\"elementor-column elementor-col-100 elementor-top-column elementor-element elementor-element-25ff048\" data-id=\"25ff048\" data-element_type=\"column\">\n\t\t\t<div class=\"elementor-widget-wrap elementor-element-populated\">\n\t\t\t\t\t\t<section class=\"elementor-section elementor-inner-section elementor-element elementor-element-c6453e8 elementor-section-boxed elementor-section-height-default elementor-section-height-default\" data-id=\"c6453e8\" data-element_type=\"section\">\n\t\t\t\t\t\t<div class=\"elementor-container elementor-column-gap-default\">\n\t\t\t\t\t<div class=\"elementor-column elementor-col-50 elementor-inner-column elementor-element elementor-element-5d2b434\" data-id=\"5d2b434\" data-element_type=\"column\">\n\t\t\t<div class=\"elementor-widget-wrap elementor-element-populated\">\n\t\t\t\t\t\t<div class=\"elementor-element elementor-element-ddaaf98 elementor-widget elementor-widget-image\" data-id=\"ddaaf98\" data-element_type=\"widget\" data-widget_type=\"image.default\">\n\t\t\t\t\t\t\t\t\t\t\t\t\t\t\t<img fetchpriority=\"high\" decoding=\"async\" width=\"768\" height=\"768\" src=\"https:\/\/frenchwaytravel.com\/wp-content\/uploads\/2018\/06\/FW_website_icons_0618-10-768x768.webp\" class=\"attachment-medium_large size-medium_large wp-image-2354\" alt=\"\" srcset=\"https:\/\/frenchwaytravel.com\/wp-content\/uploads\/2018\/06\/FW_website_icons_0618-10-768x768.webp 768w, https:\/\/frenchwaytravel.com\/wp-content\/uploads\/2018\/06\/FW_website_icons_0618-10-150x150.webp 150w, https:\/\/frenchwaytravel.com\/wp-content\/uploads\/2018\/06\/FW_website_icons_0618-10-300x300.webp 300w, https:\/\/frenchwaytravel.com\/wp-content\/uploads\/2018\/06\/FW_website_icons_0618-10.webp 800w\" sizes=\"(max-width: 768px) 100vw, 768px\" \/>\t\t\t\t\t\t\t\t\t\t\t\t\t\t\t<\/div>\n\t\t\t\t\t<\/div>\n\t\t<\/div>\n\t\t\t\t<div class=\"elementor-column elementor-col-50 elementor-inner-column elementor-element elementor-element-3d90cf4\" data-id=\"3d90cf4\" data-element_type=\"column\">\n\t\t\t<div class=\"elementor-widget-wrap elementor-element-populated\">\n\t\t\t\t\t\t<div class=\"elementor-element elementor-element-7c7694d elementor-widget elementor-widget-text-editor\" data-id=\"7c7694d\" data-element_type=\"widget\" data-widget_type=\"text-editor.default\">\n\t\t\t\t\t\t\t\t\t<p>Des s\u00e9ances de photos aux rep\u00e9rages, de la publicit\u00e9 au cin\u00e9ma, nous savons comment travailler avec les cr\u00e9atifs et leurs \u00e9quipes de production. Laissez-nous vous faire voyager, vous et votre mat\u00e9riel, dans le monde entier, quel que soit votre budget ou votre emploi du temps. Frenchway Travel peut r\u00e9pondre \u00e0 tous vos besoins en mati\u00e8re de voyages d'affaires. Nous vous fournirons les meilleures solutions de voyages sur mesure.<\/p>\t\t\t\t\t\t\t\t<\/div>\n\t\t\t\t\t<\/div>\n\t\t<\/div>\n\t\t\t\t\t<\/div>\n\t\t<\/section>\n\t\t\t\t<div class=\"elementor-element elementor-element-8733e3a elementor-widget elementor-widget-spacer\" data-id=\"8733e3a\" data-element_type=\"widget\" data-widget_type=\"spacer.default\">\n\t\t\t\t\t\t\t<div class=\"elementor-spacer\">\n\t\t\t<div class=\"elementor-spacer-inner\"><\/div>\n\t\t<\/div>\n\t\t\t\t\t\t<\/div>\n\t\t\t\t\t<\/div>\n\t\t<\/div>\n\t\t\t\t\t<\/div>\n\t\t<\/section>\n\t\t\t\t<section class=\"elementor-section elementor-top-section elementor-element elementor-element-5980f0f elementor-section-height-min-height elementor-section-boxed elementor-section-height-default elementor-section-items-middle\" data-id=\"5980f0f\" data-element_type=\"section\" data-settings=\"{&quot;background_background&quot;:&quot;classic&quot;}\">\n\t\t\t\t\t\t<div class=\"elementor-container elementor-column-gap-default\">\n\t\t\t\t\t<div class=\"elementor-column elementor-col-100 elementor-top-column elementor-element elementor-element-2819c6b\" data-id=\"2819c6b\" data-element_type=\"column\">\n\t\t\t<div class=\"elementor-widget-wrap elementor-element-populated\">\n\t\t\t\t\t\t<div class=\"elementor-element elementor-element-2d1dd6b elementor-widget elementor-widget-heading\" data-id=\"2d1dd6b\" data-element_type=\"widget\" data-widget_type=\"heading.default\">\n\t\t\t\t\t<h2 class=\"elementor-heading-title elementor-size-default\">- Nos services : Voyages pour les productions t\u00e9l\u00e9vis\u00e9es et cin\u00e9matographiques<\/h2>\t\t\t\t<\/div>\n\t\t\t\t\t<\/div>\n\t\t<\/div>\n\t\t\t\t\t<\/div>\n\t\t<\/section>\n\t\t\t\t<section class=\"elementor-section elementor-top-section elementor-element elementor-element-c42a7f7 elementor-section-boxed elementor-section-height-default elementor-section-height-default\" data-id=\"c42a7f7\" data-element_type=\"section\">\n\t\t\t\t\t\t<div class=\"elementor-container elementor-column-gap-default\">\n\t\t\t\t\t<div class=\"elementor-column elementor-col-100 elementor-top-column elementor-element elementor-element-27b7de5\" data-id=\"27b7de5\" data-element_type=\"column\">\n\t\t\t<div class=\"elementor-widget-wrap elementor-element-populated\">\n\t\t\t\t\t\t<div class=\"elementor-element elementor-element-19e4220 elementor-widget elementor-widget-text-editor\" data-id=\"19e4220\" data-element_type=\"widget\" data-widget_type=\"text-editor.default\">\n\t\t\t\t\t\t\t\t\t<ul><li>Une \u00e9quipe tr\u00e8s fiable et proactive, avec un agent d\u00e9di\u00e9 aux r\u00e9servations de votre entreprise.<\/li><li>Des bureaux \u00e0 Paris et \u00e0 New York, ce qui signifie que nous desservons presque tous les fuseaux horaires.<\/li><li style=\"font-weight: 400;\"><span style=\"font-size: 15px;\">Un num\u00e9ro de t\u00e9l\u00e9phone d'urgence pour les week-ends et les jours f\u00e9ri\u00e9s<\/span><\/li><li style=\"font-weight: 400;\"><span style=\"font-size: 15px;\">Possibilit\u00e9 de poser des options<\/span><\/li><li style=\"font-weight: 400;\"><span style=\"font-size: 15px;\">Les meilleurs tarifs en classe affaires et en premi\u00e8re classe<\/span><\/li><li>Des tarifs pr\u00e9f\u00e9rentiels dans les h\u00f4tels les plus recherch\u00e9s et une plateforme priv\u00e9e de r\u00e9servation d'h\u00f4tels.\u00a0<\/li><li style=\"font-weight: 400;\"><span style=\"font-size: 15px;\">Service VIP personnalis\u00e9<\/span><\/li><li style=\"font-weight: 400;\"><span style=\"font-size: 15px;\">Gestion rationalis\u00e9e des frais de voyage pour nos clients contractuels<\/span><\/li><li><span style=\"font-weight: 400; font-size: 15px;\">Et surtout, plus de 38 ans d'exp\u00e9rience\u00a0<\/span>g\u00e9rer l'organisation des voyages pour les industries cr\u00e9atives au rythme effr\u00e9n\u00e9<\/li><\/ul>\t\t\t\t\t\t\t\t<\/div>\n\t\t\t\t\t<\/div>\n\t\t<\/div>\n\t\t\t\t\t<\/div>\n\t\t<\/section>\n\t\t\t\t<section class=\"elementor-section elementor-top-section elementor-element elementor-element-7d0d873 elementor-section-boxed elementor-section-height-default elementor-section-height-default\" data-id=\"7d0d873\" data-element_type=\"section\">\n\t\t\t\t\t\t<div class=\"elementor-container elementor-column-gap-default\">\n\t\t\t\t\t<div class=\"elementor-column elementor-col-100 elementor-top-column elementor-element elementor-element-7e84f36\" data-id=\"7e84f36\" data-element_type=\"column\">\n\t\t\t<div class=\"elementor-widget-wrap elementor-element-populated\">\n\t\t\t\t\t\t<div class=\"elementor-element elementor-element-cde1bac elementor-widget elementor-widget-text-editor\" data-id=\"cde1bac\" data-element_type=\"widget\" data-widget_type=\"text-editor.default\">\n\t\t\t\t\t\t\t\t\t<em><strong>Besoins en mati\u00e8re de voyages pour les soci\u00e9t\u00e9s de production<\/strong><\/em>\t\t\t\t\t\t\t\t<\/div>\n\t\t\t\t\t<\/div>\n\t\t<\/div>\n\t\t\t\t\t<\/div>\n\t\t<\/section>\n\t\t\t\t<section class=\"elementor-section elementor-top-section elementor-element elementor-element-150d381 elementor-section-boxed elementor-section-height-default elementor-section-height-default\" data-id=\"150d381\" data-element_type=\"section\">\n\t\t\t\t\t\t<div class=\"elementor-container elementor-column-gap-default\">\n\t\t\t\t\t<div class=\"elementor-column elementor-col-100 elementor-top-column elementor-element elementor-element-23f31c8\" data-id=\"23f31c8\" data-element_type=\"column\">\n\t\t\t<div class=\"elementor-widget-wrap elementor-element-populated\">\n\t\t\t\t\t\t<div class=\"elementor-element elementor-element-52178f0 elementor-widget elementor-widget-heading\" data-id=\"52178f0\" data-element_type=\"widget\" data-widget_type=\"heading.default\">\n\t\t\t\t\t<h3 class=\"elementor-heading-title elementor-size-default\"><i>A propos de cet article<\/i><\/h3>\t\t\t\t<\/div>\n\t\t\t\t\t<\/div>\n\t\t<\/div>\n\t\t\t\t\t<\/div>\n\t\t<\/section>\n\t\t\t\t<section class=\"elementor-section elementor-top-section elementor-element elementor-element-a3fcaaa elementor-section-boxed elementor-section-height-default elementor-section-height-default\" data-id=\"a3fcaaa\" data-element_type=\"section\">\n\t\t\t\t\t\t<div class=\"elementor-container elementor-column-gap-default\">\n\t\t\t\t\t<div class=\"elementor-column elementor-col-100 elementor-top-column elementor-element elementor-element-b850707\" data-id=\"b850707\" data-element_type=\"column\">\n\t\t\t<div class=\"elementor-widget-wrap elementor-element-populated\">\n\t\t\t\t\t\t<section class=\"elementor-section elementor-inner-section elementor-element elementor-element-30df99b elementor-section-boxed elementor-section-height-default elementor-section-height-default\" data-id=\"30df99b\" data-element_type=\"section\">\n\t\t\t\t\t\t<div class=\"elementor-container elementor-column-gap-default\">\n\t\t\t\t\t<div class=\"elementor-column elementor-col-50 elementor-inner-column elementor-element elementor-element-5e26167\" data-id=\"5e26167\" data-element_type=\"column\">\n\t\t\t<div class=\"elementor-widget-wrap elementor-element-populated\">\n\t\t\t\t\t\t<div class=\"elementor-element elementor-element-a0884ca elementor-widget elementor-widget-image\" data-id=\"a0884ca\" data-element_type=\"widget\" data-widget_type=\"image.default\">\n\t\t\t\t\t\t\t\t\t\t\t\t\t\t\t<img decoding=\"async\" width=\"190\" height=\"300\" src=\"https:\/\/frenchwaytravel.com\/wp-content\/uploads\/2020\/08\/production-film-company-research-introduction-image-page2-190x300.webp\" class=\"attachment-medium size-medium wp-image-7624\" alt=\"\" srcset=\"https:\/\/frenchwaytravel.com\/wp-content\/uploads\/2020\/08\/production-film-company-research-introduction-image-page2-190x300.webp 190w, https:\/\/frenchwaytravel.com\/wp-content\/uploads\/2020\/08\/production-film-company-research-introduction-image-page2-647x1024.webp 647w, https:\/\/frenchwaytravel.com\/wp-content\/uploads\/2020\/08\/production-film-company-research-introduction-image-page2-768x1216.webp 768w, https:\/\/frenchwaytravel.com\/wp-content\/uploads\/2020\/08\/production-film-company-research-introduction-image-page2.webp 777w\" sizes=\"(max-width: 190px) 100vw, 190px\" \/>\t\t\t\t\t\t\t\t\t\t\t\t\t\t\t<\/div>\n\t\t\t\t\t<\/div>\n\t\t<\/div>\n\t\t\t\t<div class=\"elementor-column elementor-col-50 elementor-inner-column elementor-element elementor-element-ab79c7a\" data-id=\"ab79c7a\" data-element_type=\"column\">\n\t\t\t<div class=\"elementor-widget-wrap elementor-element-populated\">\n\t\t\t\t\t\t<div class=\"elementor-element elementor-element-6e202c6 elementor-widget elementor-widget-text-editor\" data-id=\"6e202c6\" data-element_type=\"widget\" data-widget_type=\"text-editor.default\">\n\t\t\t\t\t\t\t\t\t<p><span class=\"JsGRdQ\" style=\"font-size: 15px;\">Notre objectif est de vous donner quelques conseils pour vous aider \u00e0 g\u00e9rer vos besoins en mati\u00e8re de voyage pour votre prochain tournage ou votre prochaine production. Nous aidons les entreprises lorsqu'elles ont besoin de d\u00e9finir le lieu de tournage puis pour l'organisation des d\u00e9placements: le vol des membres du personnel, logement sur place,<\/span> <span class=\"JsGRdQ\" style=\"font-size: 15px;\">acc\u00e9der \u00e0 des services VIP ou pr\u00e9voir les impr\u00e9vus.<\/span><\/p><ol><li><span style=\"color: #070666;\"><span class=\"JsGRdQ\">La premi\u00e8re partie vous pr\u00e9sentera les lieux et les villes les plus populaires dans le monde pour la production de films.<\/span><\/span><\/li><li><span style=\"color: #070666;\"><span class=\"JsGRdQ\">La deuxi\u00e8me partie traitera des exceptions \u00e0 l'interdiction de voyager dans les pays de l'UE pour les productions cin\u00e9matographiques et t\u00e9l\u00e9visuelles.<\/span><\/span><\/li><li><span style=\"color: #070666;\"><span class=\"JsGRdQ\">La troisi\u00e8me partie portera sur les vols charter et vous donnera quelques conseils sur les vols modifiables.<\/span><\/span><\/li><li><span style=\"color: #070666;\"><span class=\"JsGRdQ\">La derni\u00e8re partie s'ach\u00e8vera par quelques conseils de planification de voyage.<\/span><\/span><\/li><\/ol><div><a href=\"https:\/\/frenchwaytravel.com\/fr\/travel-needs-for-production-companies\/\"><strong>Lire la suite<\/strong>&#8230;<\/a><\/div>\t\t\t\t\t\t\t\t<\/div>\n\t\t\t\t\t<\/div>\n\t\t<\/div>\n\t\t\t\t\t<\/div>\n\t\t<\/section>\n\t\t\t\t\t<\/div>\n\t\t<\/div>\n\t\t\t\t\t<\/div>\n\t\t<\/section>\n\t\t\t\t<section class=\"elementor-section elementor-top-section elementor-element elementor-element-5fbeeb0 elementor-section-boxed elementor-section-height-default elementor-section-height-default\" data-id=\"5fbeeb0\" data-element_type=\"section\">\n\t\t\t\t\t\t<div class=\"elementor-container elementor-column-gap-default\">\n\t\t\t\t\t<div class=\"elementor-column elementor-col-50 elementor-top-column elementor-element elementor-element-543d07e\" data-id=\"543d07e\" data-element_type=\"column\">\n\t\t\t<div class=\"elementor-widget-wrap elementor-element-populated\">\n\t\t\t\t\t\t<div class=\"elementor-element elementor-element-2f51c77 elementor-widget elementor-widget-html\" data-id=\"2f51c77\" data-element_type=\"widget\" data-widget_type=\"html.default\">\n\t\t\t\t\t<script type=\"text\/javascript\" src=\"https:\/\/creative.prf.hn\/creative\/camref:1011liaJn\/creativeref:1011l52331\"><\/script>\t\t\t\t<\/div>\n\t\t\t\t<div class=\"elementor-element elementor-element-308c227 elementor-widget elementor-widget-heading\" data-id=\"308c227\" data-element_type=\"widget\" data-widget_type=\"heading.default\">\n\t\t\t\t\t<h2 class=\"elementor-heading-title elementor-size-default\"><a href=\"\">Laissez-nous un message!<\/a><\/h2>\t\t\t\t<\/div>\n\t\t\t\t<div class=\"elementor-element elementor-element-4180084 elementor-widget elementor-widget-html\" data-id=\"4180084\" data-element_type=\"widget\" data-widget_type=\"html.default\">\n\t\t\t\t\t<script charset=\"utf-8\" type=\"text\/javascript\" src=\"\/\/js.hsforms.net\/forms\/shell.js\"><\/script>\r\n<script>\r\n  hbspt.forms.create({\r\nportalId: \"5452542\",\r\nformId: \"83406c5f-ca36-4ae3-a8df-53789c2ed0c6\"\r\n});\r\n<\/script>\t\t\t\t<\/div>\n\t\t\t\t\t<\/div>\n\t\t<\/div>\n\t\t\t\t<div class=\"elementor-column elementor-col-50 elementor-top-column elementor-element elementor-element-815b6de\" data-id=\"815b6de\" data-element_type=\"column\">\n\t\t\t<div class=\"elementor-widget-wrap elementor-element-populated\">\n\t\t\t\t\t\t<div class=\"elementor-element elementor-element-6ec5715 elementor-widget elementor-widget-image\" data-id=\"6ec5715\" data-element_type=\"widget\" data-widget_type=\"image.default\">\n\t\t\t\t\t\t\t\t\t\t\t\t\t\t\t<img loading=\"lazy\" decoding=\"async\" width=\"300\" height=\"359\" src=\"https:\/\/frenchwaytravel.com\/wp-content\/uploads\/2018\/08\/mascotte_signature.webp\" class=\"attachment-large size-large wp-image-3325\" alt=\"Mascotte\" srcset=\"https:\/\/frenchwaytravel.com\/wp-content\/uploads\/2018\/08\/mascotte_signature.webp 300w, https:\/\/frenchwaytravel.com\/wp-content\/uploads\/2018\/08\/mascotte_signature-251x300.jpg 251w\" sizes=\"(max-width: 300px) 100vw, 300px\" \/>\t\t\t\t\t\t\t\t\t\t\t\t\t\t\t<\/div>\n\t\t\t\t<div class=\"elementor-element elementor-element-b44614b elementor-widget elementor-widget-menu-anchor\" data-id=\"b44614b\" data-element_type=\"widget\" data-widget_type=\"menu-anchor.default\">\n\t\t\t\t\t\t\t<div class=\"elementor-menu-anchor\" id=\"contactus\"><\/div>\n\t\t\t\t\t\t<\/div>\n\t\t\t\t<div class=\"elementor-element elementor-element-830fe0b elementor-widget elementor-widget-text-editor\" data-id=\"830fe0b\" data-element_type=\"widget\" data-widget_type=\"text-editor.default\">\n\t\t\t\t\t\t\t\t\t<p>Contactez-nous pour savoir comment nous pouvons optimiser les d\u00e9penses de voyage de votre entreprise ou simplement planifier votre prochain voyage.<\/p><p><style type=\"text\/css\">\np.p1 {margin: 0.0px 0.0px 0.0px 0.0px; font: 12<br \/>px Helvetica; color: #000a48}<br \/><\/style><\/p>\t\t\t\t\t\t\t\t<\/div>\n\t\t\t\t\t<\/div>\n\t\t<\/div>\n\t\t\t\t\t<\/div>\n\t\t<\/section>\n\t\t\t\t<\/div>","protected":false},"excerpt":{"rendered":"<p>Voyages pour les productions t\u00e9l\u00e9visuelles et cin\u00e9matographiquesFrenchway Travel Des s\u00e9ances photo aux rep\u00e9rages, de la publicit\u00e9 au cin\u00e9ma, nous savons comment travailler avec les cr\u00e9atifs et leurs \u00e9quipes de production. Laissez-nous vous emmener, vous et votre mat\u00e9riel, \u00e0 travers le monde, quels que soient votre budget et votre calendrier. Frenchway Travel peut r\u00e9pondre \u00e0 tous vos besoins en mati\u00e8re de voyages d'affaires. Nous [...]<\/p>","protected":false},"author":1,"featured_media":0,"parent":0,"menu_order":0,"comment_status":"closed","ping_status":"closed","template":"","meta":{"content-type":"","site-sidebar-layout":"no-sidebar","site-content-layout":"page-builder","ast-site-content-layout":"","site-content-style":"default","site-sidebar-style":"default","ast-global-header-display":"","ast-banner-title-visibility":"","ast-main-header-display":"","ast-hfb-above-header-display":"","ast-hfb-below-header-display":"","ast-hfb-mobile-header-display":"","site-post-title":"disabled","ast-breadcrumbs-content":"","ast-featured-img":"disabled","footer-sml-layout":"","theme-transparent-header-meta":"enabled","adv-header-id-meta":"","stick-header-meta":"enabled","header-above-stick-meta":"","header-main-stick-meta":"on","header-below-stick-meta":"","astra-migrate-meta-layouts":"default","ast-page-background-enabled":"default","ast-page-background-meta":{"desktop":{"background-color":"","background-image":"","background-repeat":"repeat","background-position":"center center","background-size":"auto","background-attachment":"scroll","background-type":"","background-media":"","overlay-type":"","overlay-color":"","overlay-opacity":"","overlay-gradient":""},"tablet":{"background-color":"","background-image":"","background-repeat":"repeat","background-position":"center center","background-size":"auto","background-attachment":"scroll","background-type":"","background-media":"","overlay-type":"","overlay-color":"","overlay-opacity":"","overlay-gradient":""},"mobile":{"background-color":"","background-image":"","background-repeat":"repeat","background-position":"center center","background-size":"auto","background-attachment":"scroll","background-type":"","background-media":"","overlay-type":"","overlay-color":"","overlay-opacity":"","overlay-gradient":""}},"ast-content-background-meta":{"desktop":{"background-color":"var(--ast-global-color-5)","background-image":"","background-repeat":"repeat","background-position":"center center","background-size":"auto","background-attachment":"scroll","background-type":"","background-media":"","overlay-type":"","overlay-color":"","overlay-opacity":"","overlay-gradient":""},"tablet":{"background-color":"var(--ast-global-color-5)","background-image":"","background-repeat":"repeat","background-position":"center center","background-size":"auto","background-attachment":"scroll","background-type":"","background-media":"","overlay-type":"","overlay-color":"","overlay-opacity":"","overlay-gradient":""},"mobile":{"background-color":"var(--ast-global-color-5)","background-image":"","background-repeat":"repeat","background-position":"center center","background-size":"auto","background-attachment":"scroll","background-type":"","background-media":"","overlay-type":"","overlay-color":"","overlay-opacity":"","overlay-gradient":""}},"footnotes":""},"class_list":["post-5238","page","type-page","status-publish","hentry"],"_links":{"self":[{"href":"https:\/\/frenchwaytravel.com\/fr\/wp-json\/wp\/v2\/pages\/5238","targetHints":{"allow":["GET"]}}],"collection":[{"href":"https:\/\/frenchwaytravel.com\/fr\/wp-json\/wp\/v2\/pages"}],"about":[{"href":"https:\/\/frenchwaytravel.com\/fr\/wp-json\/wp\/v2\/types\/page"}],"author":[{"embeddable":true,"href":"https:\/\/frenchwaytravel.com\/fr\/wp-json\/wp\/v2\/users\/1"}],"replies":[{"embeddable":true,"href":"https:\/\/frenchwaytravel.com\/fr\/wp-json\/wp\/v2\/comments?post=5238"}],"version-history":[{"count":105,"href":"https:\/\/frenchwaytravel.com\/fr\/wp-json\/wp\/v2\/pages\/5238\/revisions"}],"predecessor-version":[{"id":14117,"href":"https:\/\/frenchwaytravel.com\/fr\/wp-json\/wp\/v2\/pages\/5238\/revisions\/14117"}],"wp:attachment":[{"href":"https:\/\/frenchwaytravel.com\/fr\/wp-json\/wp\/v2\/media?parent=5238"}],"curies":[{"name":"wp","href":"https:\/\/api.w.org\/{rel}","templated":true}]}}