{"id":5250,"date":"2019-06-21T14:29:46","date_gmt":"2019-06-21T18:29:46","guid":{"rendered":""},"modified":"2024-09-25T00:09:06","modified_gmt":"2024-09-25T04:09:06","slug":"fashion-travel-for-fashion","status":"publish","type":"page","link":"https:\/\/frenchwaytravel.com\/fr\/fashion-travel-for-fashion\/","title":{"rendered":"Mode"},"content":{"rendered":"<h1>Voyager pour la mode<br \/>\n- Frenchway Travel<\/h1>\n<p><img decoding=\"async\" src=\"https:\/\/frenchwaytravel.com\/wp-content\/uploads\/2018\/08\/airplane-300x57.png\" alt=\"Air France\" width=\"300\" height=\"57\" \/><\/p>\n<figure>\n<p><figure style=\"width: 489px\" class=\"wp-caption alignnone\"><a href=\"https:\/\/frenchwaytravel.com\/fr\/contact-us\/\"><img fetchpriority=\"high\" decoding=\"async\" title=\"Voyage pour la mode Frenchway Travel\" src=\"https:\/\/frenchwaytravel.com\/wp-content\/uploads\/2018\/06\/FW_website_icons_0618-09-300x300.webp\" alt=\"Travel for fashion\" width=\"489\" height=\"489\" \/><\/a><figcaption class=\"wp-caption-text\">Voyage pour la mode Frenchway Travel<\/figcaption><\/figure><figcaption><\/figcaption><\/figure>\n<p>Le New York Times nous a qualifi\u00e9s d'\"agence de voyage pour la mode qui d\u00e9place des mod\u00e8les et parfois des montagnes\".<\/p>\n<p>Nous r\u00e9pondons aux besoins du secteur de la mode depuis plus de 38 ans. Nous connaissons les besoins du secteur et travaillons avec des agences de mannequins, des magazines, des maisons de couture, des photographes, des directeurs artistiques et de nombreux autres professionnels du secteur.<\/p>\n<h2>Nos services : Voyages pour la mode -<\/h2>\n<ul>\n<li>Une \u00e9quipe tr\u00e8s fiable et proactive, avec un agent d\u00e9di\u00e9 aux r\u00e9servations de votre entreprise.<\/li>\n<li>Des bureaux \u00e0 Paris et \u00e0 New York, ce qui signifie que nous desservons presque tous les fuseaux horaires.<\/li>\n<li>Un num\u00e9ro de t\u00e9l\u00e9phone d'urgence pour les week-ends et les jours f\u00e9ri\u00e9s.<\/li>\n<li>Possibilit\u00e9 de poser des options.<\/li>\n<li>Meilleure classe affaires et <strong><a href=\"https:\/\/en.wikipedia.org\/wiki\/First_class\">premi\u00e8re classe<\/a><\/strong> taux.<\/li>\n<li>Des tarifs pr\u00e9f\u00e9rentiels dans les h\u00f4tels les plus recherch\u00e9s ainsi qu'une plateforme priv\u00e9e de r\u00e9servation d'h\u00f4tels.<\/li>\n<li>Service VIP personnalis\u00e9.<\/li>\n<li>Rationalisation de la comptabilit\u00e9 pour nos clients contractuels.<\/li>\n<li>Et surtout, plus de 35 ans d'exp\u00e9rience dans l'organisation de voyages pour des industries cr\u00e9atives au rythme effr\u00e9n\u00e9.<\/li>\n<\/ul>\n<h1>Semaine de la mode automne-hiver 2022 - Les quatre grands<\/h1>\n<figure style=\"width: 1247px\" class=\"wp-caption alignnone\"><a href=\"https:\/\/frenchwaytravel.com\/fr\/travel-fashion-week\/\"><img decoding=\"async\" title=\"Voyage pour la mode Frenchway Travel\" src=\"https:\/\/frenchwaytravel.com\/wp-content\/uploads\/2021\/12\/Travel-Tips.webp\" alt=\"Travel Booking\" width=\"1247\" height=\"935\" \/><\/a><figcaption class=\"wp-caption-text\">Voyage pour la mode Frenchway Travel<\/figcaption><\/figure>\n<figure style=\"width: 2500px\" class=\"wp-caption alignnone\"><a href=\"https:\/\/frenchwaytravel.com\/fr\/contact-us\/\"><img loading=\"lazy\" decoding=\"async\" title=\"Voyage pour la mode Frenchway Travel\" src=\"https:\/\/frenchwaytravel.com\/wp-content\/uploads\/2020\/02\/fashion-page-banner-2.webp\" alt=\"Travel for Fashion Frenchway Travel\" width=\"2500\" height=\"400\" \/><\/a><figcaption class=\"wp-caption-text\">Voyage pour la mode Frenchway Travel<\/figcaption><\/figure>\n<p><a href=\"https:\/\/frenchwaytravel.com\/fr\/travel-fashion-week\/\"><br \/>\n<\/a><\/p>\n<p><a href=\"https:\/\/frenchwaytravel.com\/fr\/contact-us\/\"><img loading=\"lazy\" decoding=\"async\" src=\"https:\/\/frenchwaytravel.com\/wp-content\/uploads\/2020\/01\/1.webp\" alt=\"Travel for Fashion\" width=\"560\" height=\"133\" \/><\/a><\/p>\n<h2><i>Voyagez pour la mode avec la meilleure agence de voyages d'affaires \u00e0 New York et \u00e0 Paris<\/i><\/h2>\n<p>Les Fashion Week du monde entier sont consid\u00e9r\u00e9es comme le point culminant des tendances \u00e0 venir. L'organisation de cet \u00e9v\u00e9nement exige une planification consid\u00e9rable. Les agences doivent s'assurer que leur personnel et leurs talents sont pr\u00eats pour l'un des \u00e9l\u00e9ments les plus cruciaux.  Comme les salons se d\u00e9roulent dans plusieurs villes sur une courte p\u00e9riode, une planification efficace est indispensable pour \u00e9viter toute situation stressante. Ne vous inqui\u00e9tez pas, nous avons pr\u00e9par\u00e9 quelques conseils pour vous aider \u00e0 mener \u00e0 bien ce magnifique \u00e9v\u00e9nement.<\/p>\n<p><a href=\"https:\/\/frenchwaytravel.com\/fr\/contact-us\/\"><img loading=\"lazy\" decoding=\"async\" class=\"\" src=\"https:\/\/frenchwaytravel.com\/wp-content\/uploads\/2020\/01\/Frenchway_instagram_mai-juin-19-150x150.jpg\" alt=\"\" width=\"206\" height=\"206\" \/><\/a><\/p>\n<h3><i>Gestion des d\u00e9penses pour les voyages de mode<\/i>.<\/h3>\n<p>La premi\u00e8re r\u00e8gle consiste \u00e0 d\u00e9finir clairement la responsabilit\u00e9 financi\u00e8re concernant les frais de voyage et d'h\u00e9bergement. Lorsqu'un client r\u00e9serve un mod\u00e8le pour un travail sp\u00e9cifique, on attend g\u00e9n\u00e9ralement de lui qu'il prenne en charge les frais de voyage du mod\u00e8le. C'est ce qu'on appelle une r\u00e9servation directe. La deuxi\u00e8me r\u00e8gle est de conna\u00eetre le budget allou\u00e9 au voyage et \u00e0 l'h\u00e9bergement lors d'une r\u00e9servation pour la Fashion Week. Enfin, d\u00e9finissez clairement qui est autoris\u00e9 au sein de l'entreprise \u00e0 confirmer et \u00e0 commander les vols \u00e0 l'agence de voyage.<\/p>\n<figure style=\"width: 246px\" class=\"wp-caption alignnone\"><a href=\"https:\/\/frenchwaytravel.com\/fr\/contact-us\/\"><img loading=\"lazy\" decoding=\"async\" title=\"Voyage pour les d\u00e9penses de mode\" src=\"https:\/\/frenchwaytravel.com\/wp-content\/uploads\/2020\/01\/Canva-White-and-Red-Plane-Scale-Model-150x150.jpg\" alt=\"Travel for Fashion Expenses\" width=\"246\" height=\"246\" \/><\/a><figcaption class=\"wp-caption-text\">Voyage pour les d\u00e9penses de mode<\/figcaption><\/figure>\n<h3>Confirmer la validit\u00e9 du visa et\/ou passeport pour le voyage mode.<\/h3>\n<p>La semaine de la mode est un \u00e9v\u00e9nement mondial, les quatre plus grandes villes \u00e9tant New York, Londres, Milan et Paris. Aujourd'hui, elle s'\u00e9tend aux grandes villes du monde comme Tokyo, Sao Paulo, Shanghai et Duba\u00ef. Votre \u00e9quipe va s\u00fbrement voyager dans diff\u00e9rents pays. Vous devez donc vous assurer qu'ils disposent de tous les documents requis pour entrer dans le pays dans le but de faire des affaires. Principaux \u00e9l\u00e9ments \u00e0 v\u00e9rifier pour confirmer : Vos passeports sont-ils toujours valides ? Une demande de visa est-elle n\u00e9cessaire ? Que se passe-t-il si le visa est refus\u00e9 ? Il est crucial de travailler avec votre agence de voyage \u00e0 l'avance pour \u00e9viter toute surprise inutile le jour du d\u00e9part.<\/p>\n<figure style=\"width: 251px\" class=\"wp-caption alignnone\"><a href=\"https:\/\/frenchwaytravel.com\/fr\/contact-us\/\"><img loading=\"lazy\" decoding=\"async\" title=\"Pr\u00e9parez-vous aux diff\u00e9rents fuseaux horaires.\" src=\"https:\/\/frenchwaytravel.com\/wp-content\/uploads\/2020\/01\/Frenchway_instagram-39-150x150.jpg\" alt=\"Prepare For Different Time Zones.\" width=\"251\" height=\"251\" \/><\/a><figcaption class=\"wp-caption-text\">Pr\u00e9parez-vous aux diff\u00e9rents fuseaux horaires.<\/figcaption><\/figure>\n<h3><i>Pr\u00e9parez-vous aux diff\u00e9rents fuseaux horaires.<\/i><\/h3>\n<p>La semaine de la mode se d\u00e9roulant dans diff\u00e9rentes villes, votre \u00e9quipe d'assistance doit \u00eatre disponible pendant les heures actives du spectacle, dans le fuseau horaire de la ville concern\u00e9e. Vos talents doivent \u00e9galement s'adapter \u00e0 tout probl\u00e8me potentiel de d\u00e9calage horaire et \u00eatre bien repos\u00e9s pour les d\u00e9fil\u00e9s. Travaillez avec votre agent de voyage pour choisir des vols qui tiennent compte des fuseaux horaires locaux. Il vous aidera \u00e0 \u00e9viter de r\u00e9server des vols avec escale pour minimiser les retards potentiels dans le voyage.<\/p>\n<figure style=\"width: 314px\" class=\"wp-caption alignnone\"><a href=\"https:\/\/frenchwaytravel.com\/fr\/contact-us\/\"><img loading=\"lazy\" decoding=\"async\" title=\"Fournir des directives pour bien faire les valises.\" src=\"https:\/\/frenchwaytravel.com\/wp-content\/uploads\/2020\/01\/Frenchway_instagram_mai-juin-20-150x150.jpg\" alt=\"Provide Packing Guidelines.\" width=\"314\" height=\"314\" \/><\/a><figcaption class=\"wp-caption-text\">Fournir des directives pour bien faire les valises.<\/figcaption><\/figure>\n<h3><i>Fournir des directives pour bien faire les valises.<\/i><\/h3>\n<p>La premi\u00e8re recommandation est de cr\u00e9er une liste de contr\u00f4le structur\u00e9e pour les articles qui seront n\u00e9cessaires pour les spectacles. C'est particuli\u00e8rement crucial pour les \u00e9quipes de production, car elles apporteront l'\u00e9quipement n\u00e9cessaire au spectacle. Assurez-vous de passer en revue avec vos photographes, maquilleurs, stylistes et mannequins les articles personnalis\u00e9s dont ils ont besoin pour leur travail. La Fashion Week est le point culminant de la carri\u00e8re de nombreux professionnels. Ils voudront apporter et utiliser leurs outils uniques qui ont fait leur succ\u00e8s. Parlez \u00e0 votre agent de voyage pour v\u00e9rifier si des articles co\u00fbteux devront \u00eatre exp\u00e9di\u00e9s avec ou sans couverture d'assurance vol.<\/p>\n<figure style=\"width: 665px\" class=\"wp-caption alignnone\"><a href=\"https:\/\/frenchwaytravel.com\/fr\/contact-us\/\"><img loading=\"lazy\" decoding=\"async\" title=\"Pr\u00e9parez-vous aux urgences.\" src=\"https:\/\/frenchwaytravel.com\/wp-content\/uploads\/2020\/01\/Travel-for-fashion.jpg\" alt=\"Travel for Fashion\" width=\"665\" height=\"158\" \/><\/a><figcaption class=\"wp-caption-text\">Pr\u00e9parez-vous aux urgences.<\/figcaption><\/figure>\n<h3><i>Pr\u00e9parez-vous aux urgences.<\/i><\/h3>\n<p>Soyez toujours pr\u00eat \u00e0 faire face aux urgences. Organisez une r\u00e9union avec votre \u00e9quipe avant la semaine de la mode pour discuter des sc\u00e9narios potentiels qui peuvent se produire. Pr\u00e9parez une strat\u00e9gie pour les solutions potentielles et les plans de secours. Les probl\u00e8mes les plus courants sont les suivants : un mannequin malade qui manque le d\u00e9fil\u00e9, ou une \u00e9quipe de production qui arrive en retard \u00e0 son vol de correspondance. Assurez-vous de travailler avec votre agent de voyage pour r\u00e9server des vols et des h\u00f4tels flexibles. La possibilit\u00e9 de changer, d'\u00e9changer ou d'annuler avec des frais minimes offrira une flexibilit\u00e9 optimale \u00e0 votre \u00e9quipe.<\/p>\n<p><a href=\"https:\/\/frenchwaytravel.com\/fr\/contact-us\/\"><img loading=\"lazy\" decoding=\"async\" src=\"https:\/\/frenchwaytravel.com\/wp-content\/uploads\/2020\/02\/fashion-page-banner-3.webp\" alt=\"\" width=\"2500\" height=\"400\" \/><\/a><\/p>\n<h2>Vivre dans le luxe pendant la grande finale fran\u00e7aise du mois de la mode.<\/h2>\n<p>La derni\u00e8re \u00e9tape de la tourn\u00e9e \"Travel for fashion month\" se termine \u00e0 Paris, en France. Apr\u00e8s New York, Londres et Milan, la derni\u00e8re, et non la moindre, des \"quatre grandes\" est la ville des lumi\u00e8res. La semaine de la mode \u00e0 Paris renforce le style de la ville encore plus que d'habitude. Les plus grandes maisons de couture telles que Chanel, Givenchy, Louis Vuitton ou Christian Dior figurent parmi les quelque 100 cr\u00e9ateurs. Ils d\u00e9voileront leurs collections sur des podiums dans des lieux exquis et uniques au cours de la semaine.<\/p>\n<p>La semaine de la mode \u00e0 Paris est bien plus qu'un simple d\u00e9fil\u00e9. C'est le moment pour les cr\u00e9ateurs, fran\u00e7ais et internationaux, de d\u00e9voiler leurs nouvelles lignes, mais aussi pour des \u00e9v\u00e9nements somptueux et des f\u00eates glamour. C\u00e9l\u00e9brit\u00e9s, mannequins, cr\u00e9ateurs, magnats de l'industrie et bien d'autres encore remplissent la ville pour cette semaine de c\u00e9l\u00e9bration ininterrompue. Lorsque l'\u00e9lite n'est pas au premier rang des d\u00e9fil\u00e9s de mode ou en train de se pavaner sur les podiums, elle peut se d\u00e9tendre ou faire la f\u00eate dans les \u00e9tablissements de luxe suivants.<\/p>\n<figure>\n<p><figure style=\"width: 318px\" class=\"wp-caption alignnone\"><a href=\"https:\/\/frenchwaytravel.com\/fr\/contact-us\/\"><img loading=\"lazy\" decoding=\"async\" title=\"Prime Paris Hotels\" src=\"https:\/\/frenchwaytravel.com\/wp-content\/uploads\/2020\/01\/Canva-Photo-of-Two-Women-Posing-in-Front-of-Eiffel-Tower-Paris-France-during-Day-Time-200x300.jpg\" alt=\"Prime Paris Hotels\" width=\"318\" height=\"475\" \/><\/a><figcaption class=\"wp-caption-text\">Prime Paris Hotels<\/figcaption><\/figure><figcaption><\/figcaption><\/figure>\n<h3><i>Prime Paris Hotels.<\/i><\/h3>\n<p>Laissez-vous s\u00e9duire par l'ambiance parisienne ou par des th\u00e8mes modernes dans ces h\u00e9bergements de premier ordre dot\u00e9s de caract\u00e9ristiques cinq \u00e9toiles, \u00e0 l'occasion de l'\u00e9v\u00e9nement \"Travel for Fashion\".<\/p>\n<figure style=\"width: 1024px\" class=\"wp-caption alignnone\"><a href=\"https:\/\/frenchwaytravel.com\/fr\/contact-us\/\"><img loading=\"lazy\" decoding=\"async\" title=\"Prime Paris Hotels\" src=\"https:\/\/frenchwaytravel.com\/wp-content\/uploads\/2020\/01\/Canva-The-Louvre-in-Paris-1024x683.jpg\" alt=\"TRAVEL FOR FASHION\" width=\"1024\" height=\"683\" \/><\/a><figcaption class=\"wp-caption-text\">Prime Paris Hotels<\/figcaption><\/figure>\n<p><img loading=\"lazy\" decoding=\"async\" src=\"https:\/\/frenchwaytravel.com\/wp-content\/uploads\/2020\/01\/Canva-Arc-De-Triomphe-in-Paris-768x1024.jpg\" alt=\"\" width=\"768\" height=\"1024\" \/><\/p>\n<h4><i>Le Meurice<\/i><\/h4>\n<p>C\u00e9l\u00e8bre pour ses grandes expositions et son souci du d\u00e9tail, Le Meurice est un h\u00f4tel qui \"n'\u00e9pargne aucune d\u00e9pense\". En d'autres termes, Le Meurice fait plaisir \u00e0 ses clients et leur offre une exp\u00e9rience unique. Situ\u00e9 \u00e0 proximit\u00e9 du mus\u00e9e du Louvre et du jardin des Tuileries, l'atmosph\u00e8re est royale. L'architecture du XVIIIe si\u00e8cle rencontre le style contemporain, combinant un d\u00e9cor fran\u00e7ais classique avec un h\u00e9bergement moderne.<\/p>\n<h4><i>H\u00f4tel Regina<\/i><\/h4>\n<p>Enti\u00e8rement r\u00e9nov\u00e9 en 2015, l'h\u00f4tel cinq \u00e9toiles Regina est situ\u00e9 dans le 1er arrondissement et entour\u00e9 des principaux monuments parisiens. On peut citer par exemple la Tour Eiffel, le mus\u00e9e du Louvre, le mus\u00e9e d'Orsay ou encore le jardin des Tuileries. La vue sur de tels sites permet au Regina d'\u00eatre un lieu enviable, riche en \u00e9l\u00e9gance et en histoire.<\/p>\n<h4><i>H\u00f4tel Marignan Champs-Elys\u00e9es<\/i><\/h4>\n<p>Cet h\u00f4tel design se trouve \u00e0 deux minutes de marche des Champs-\u00c9lys\u00e9es, la haute couture \u00e0 deux pas. La fa\u00e7ade ext\u00e9rieure simple ne refl\u00e8te pas l'int\u00e9rieur. Il s'ouvre sur des am\u00e9nagements \u00e9tonnants, un d\u00e9cor moderne et des chambres con\u00e7ues pour ressembler \u00e0 des appartements parisiens contemporains. Certaines chambres disposent m\u00eame d'une terrasse avec vue sur la tour Eiffel. En bref, l'h\u00f4tel est le mieux class\u00e9 en termes de rapport qualit\u00e9-prix et d'emplacement, ce qui en fait le favori des clients.<\/p>\n<h4><i>H\u00f4tel sans adresse<\/i><\/h4>\n<p>Surnomm\u00e9 le \"No Address Hotel\" (avec une adresse r\u00e9elle de 7 Rue Tronchet), ce n'est pas du tout un h\u00f4tel. Il s'agit plut\u00f4t de l'une des r\u00e9sidences h\u00f4teli\u00e8res priv\u00e9es les plus exclusives au monde, dans laquelle ne s\u00e9journent que les plus grands noms de l'industrie, tri\u00e9s sur le volet. Madonna, Prince, Jennifer Lawrence, Leonardo DiCaprio, la famille Kardashian et Jay-Z et Beyonc\u00e9 auraient tous s\u00e9journ\u00e9 dans ce manoir cach\u00e9 et ultra-priv\u00e9. Vous ne trouverez pas de tarifs ou de photos comme dans un h\u00f4tel classique. Pour r\u00e9server ces logements, des mesures de haute s\u00e9curit\u00e9 sont en place. La r\u00e9servation s'effectue sur un site discret avec un code d'acc\u00e8s obligatoire pour entrer, et votre s\u00e9jour doit \u00eatre d'une semaine minimum.<\/p>\n<h3><i>Vie nocturne exclusive \u00e0 Paris. <\/i><\/h3>\n<p><i>Pendant le programme \"Travel for Fashion\", attendez-vous \u00e0 faire des folies dans ces clubs et salons d'\u00e9lite dont la liste d'invit\u00e9s est restreinte.<\/i><\/p>\n<h4><i>Le Trianon<\/i><\/h4>\n<p>Un bar branch\u00e9 r\u00e9nov\u00e9 dans un ancien music-hall. Des d\u00e9fil\u00e9s et des f\u00eates ont \u00e9t\u00e9 organis\u00e9s ici par Yves Saint Laurent, Maison Martin Margiela et Coca-Cola, avec des personnalit\u00e9s prestigieuses et des c\u00e9l\u00e9brit\u00e9s.<\/p>\n<h4><i>Le Carmen<\/i><\/h4>\n<p>C'est un autre bar tendance et le club est rempli de d\u00e9cors extravagants et uniques. Des soir\u00e9es d'apr\u00e8s-spectacle ont \u00e9t\u00e9 organis\u00e9es ici par Balmain, Vivienne Westwood et Chloe.<\/p>\n<h4><i>Club Silencio<\/i><\/h4>\n<p>Cette sc\u00e8ne exclusive, con\u00e7ue et dirig\u00e9e par le cin\u00e9aste David Lynch, offre un aper\u00e7u de son esprit cr\u00e9atif. L'espace a \u00e9t\u00e9 cr\u00e9\u00e9 par Lynch pour r\u00e9unir les meilleurs et les plus brillants des arts. Ce lieu souterrain, creus\u00e9 de tunnels, est ferm\u00e9 \u00e0 tous. Sauf aux membres avant minuit, mais l'entr\u00e9e reste difficile apr\u00e8s cela. Il sert de bo\u00eete de nuit, de bar, de salle de concert, etc. Tant que vous avez le prestige pour entrer. Et contient un salon, un fumoir, un bar dor\u00e9, une sc\u00e8ne de spectacle, une biblioth\u00e8que et un cin\u00e9ma, pour ne citer que quelques espaces. Kanye West y a d\u00e9j\u00e0 organis\u00e9 une after-party apr\u00e8s un spectacle. Il s'agit sans aucun doute plus d'une destination, mais plut\u00f4t d'une exp\u00e9rience totale. (Un tunnel dor\u00e9 et sinueux du club, illustr\u00e9 ci-dessous).<\/p>\n<p><a href=\"https:\/\/frenchwaytravel.com\/fr\/contact-us\/\"><img loading=\"lazy\" decoding=\"async\" class=\"\" src=\"https:\/\/frenchwaytravel.com\/wp-content\/uploads\/2020\/01\/paris-3.webp\" alt=\"Travel For Fashion\" width=\"535\" height=\"283\" \/><\/a><\/p>\n<figure><a href=\"https:\/\/frenchwaytravel.com\/fr\/contact-us\/\"><br \/>\n<img loading=\"lazy\" decoding=\"async\" src=\"https:\/\/frenchwaytravel.com\/wp-content\/uploads\/2020\/02\/banner3.webp\" alt=\"\" width=\"1200\" height=\"318\" \/> <\/a><figcaption><\/figcaption><\/figure>\n<h2><a>Laissez-nous un message!<\/a><\/h2>\n<p><a href=\"https:\/\/frenchwaytravel.com\/fr\/contact-us\/\"><img loading=\"lazy\" decoding=\"async\" src=\"https:\/\/frenchwaytravel.com\/wp-content\/uploads\/2018\/08\/mascotte_signature.webp\" alt=\"Mascotte\" width=\"300\" height=\"359\" \/><\/a><\/p>\n<p>Contactez-nous pour savoir comment nous pouvons optimiser les d\u00e9penses de votre entreprise dans le cadre de l'initiative \"Travel for Fashion\" ou simplement pour planifier votre prochain voyage.<\/p>\n<p>p.p1 {margin : 0.0px 0.0px 0.0px 0.0px ; font : 12<br \/>px Helvetica ; color : #000a48}<\/p>","protected":false},"excerpt":{"rendered":"<p>Voyage pour la mode Frenchway Travel Le New York Times nous a qualifi\u00e9s d'\"agence de voyage pour la mode qui d\u00e9place des mannequins et parfois des montagnes\". Nous sommes au service de l'industrie de la mode depuis plus de 38 ans. Nous connaissons les besoins de l'industrie et travaillons avec des agences de mannequins, des magazines, des maisons de couture, des photographes, des directeurs artistiques et de nombreux autres professionnels de l'industrie. Notre [...]<\/p>","protected":false},"author":1,"featured_media":0,"parent":0,"menu_order":0,"comment_status":"closed","ping_status":"closed","template":"","meta":{"content-type":"","site-sidebar-layout":"no-sidebar","site-content-layout":"page-builder","ast-site-content-layout":"","site-content-style":"default","site-sidebar-style":"default","ast-global-header-display":"","ast-banner-title-visibility":"","ast-main-header-display":"","ast-hfb-above-header-display":"","ast-hfb-below-header-display":"","ast-hfb-mobile-header-display":"","site-post-title":"disabled","ast-breadcrumbs-content":"","ast-featured-img":"disabled","footer-sml-layout":"","theme-transparent-header-meta":"enabled","adv-header-id-meta":"","stick-header-meta":"enabled","header-above-stick-meta":"","header-main-stick-meta":"on","header-below-stick-meta":"","astra-migrate-meta-layouts":"default","ast-page-background-enabled":"default","ast-page-background-meta":{"desktop":{"background-color":"","background-image":"","background-repeat":"repeat","background-position":"center center","background-size":"auto","background-attachment":"scroll","background-type":"","background-media":"","overlay-type":"","overlay-color":"","overlay-opacity":"","overlay-gradient":""},"tablet":{"background-color":"","background-image":"","background-repeat":"repeat","background-position":"center center","background-size":"auto","background-attachment":"scroll","background-type":"","background-media":"","overlay-type":"","overlay-color":"","overlay-opacity":"","overlay-gradient":""},"mobile":{"background-color":"","background-image":"","background-repeat":"repeat","background-position":"center center","background-size":"auto","background-attachment":"scroll","background-type":"","background-media":"","overlay-type":"","overlay-color":"","overlay-opacity":"","overlay-gradient":""}},"ast-content-background-meta":{"desktop":{"background-color":"var(--ast-global-color-5)","background-image":"","background-repeat":"repeat","background-position":"center center","background-size":"auto","background-attachment":"scroll","background-type":"","background-media":"","overlay-type":"","overlay-color":"","overlay-opacity":"","overlay-gradient":""},"tablet":{"background-color":"var(--ast-global-color-5)","background-image":"","background-repeat":"repeat","background-position":"center center","background-size":"auto","background-attachment":"scroll","background-type":"","background-media":"","overlay-type":"","overlay-color":"","overlay-opacity":"","overlay-gradient":""},"mobile":{"background-color":"var(--ast-global-color-5)","background-image":"","background-repeat":"repeat","background-position":"center center","background-size":"auto","background-attachment":"scroll","background-type":"","background-media":"","overlay-type":"","overlay-color":"","overlay-opacity":"","overlay-gradient":""}},"footnotes":""},"class_list":["post-5250","page","type-page","status-publish","hentry"],"_links":{"self":[{"href":"https:\/\/frenchwaytravel.com\/fr\/wp-json\/wp\/v2\/pages\/5250","targetHints":{"allow":["GET"]}}],"collection":[{"href":"https:\/\/frenchwaytravel.com\/fr\/wp-json\/wp\/v2\/pages"}],"about":[{"href":"https:\/\/frenchwaytravel.com\/fr\/wp-json\/wp\/v2\/types\/page"}],"author":[{"embeddable":true,"href":"https:\/\/frenchwaytravel.com\/fr\/wp-json\/wp\/v2\/users\/1"}],"replies":[{"embeddable":true,"href":"https:\/\/frenchwaytravel.com\/fr\/wp-json\/wp\/v2\/comments?post=5250"}],"version-history":[{"count":243,"href":"https:\/\/frenchwaytravel.com\/fr\/wp-json\/wp\/v2\/pages\/5250\/revisions"}],"predecessor-version":[{"id":14118,"href":"https:\/\/frenchwaytravel.com\/fr\/wp-json\/wp\/v2\/pages\/5250\/revisions\/14118"}],"wp:attachment":[{"href":"https:\/\/frenchwaytravel.com\/fr\/wp-json\/wp\/v2\/media?parent=5250"}],"curies":[{"name":"wp","href":"https:\/\/api.w.org\/{rel}","templated":true}]}}