{"id":6117,"date":"2019-11-19T11:51:59","date_gmt":"2019-11-19T16:51:59","guid":{"rendered":"httpss:\/\/frenchwaytravel.com\/?page_id=6117"},"modified":"2019-11-19T11:52:37","modified_gmt":"2019-11-19T16:52:37","slug":"apply-for-job","status":"publish","type":"page","link":"https:\/\/frenchwaytravel.com\/fr\/careers\/apply-for-job\/","title":{"rendered":"Postuler pour un emploi"},"content":{"rendered":"<form action=\"\/fr\/wp-json\/wp\/v2\/pages\/6117\" method=\"post\" id=\"submit-job-form\" class=\"job-manager-form\" enctype=\"multipart\/form-data\" data-trp-original-action=\"\/fr\/wp-json\/wp\/v2\/pages\/6117\">\n\n\t\n\t\n\t\n\t\t\t<fieldset class=\"fieldset-login_required\">\n\t\t<label>Avez-vous d\u00e9j\u00e0 un compte ?<\/label>\n\t\t<div class=\"field account-sign-in\">\n\t\t\t<a class=\"button\" href=\"https:\/\/frenchwaytravel.com\/wp-login.php?redirect_to=https%3A%2F%2Ffrenchwaytravel.com%2Ffr%2Fcareers%2Fapply-for-job%2F\">Connecteur Se<\/a>\n\n\t\t\t\t\t<\/div>\n\t<\/fieldset>\n\t\n\t\n\t\n\t\t<!-- Job Information Fields -->\n\t\t\n\t\t\t\t\t<fieldset class=\"fieldset-job_title fieldset-type-text\">\n\t\t\t\t<label for=\"job_title\">Nom de l'offre d'emploi<\/label>\n\t\t\t\t<div class=\"field required-field\">\n\t\t\t\t\t<input type=\"text\" class=\"input-text\" name=\"job_title\" id=\"job_title\" placeholder=\"\" value=\"\" maxlength=\"\" required \/>\n\t\t\t\t<\/div>\n\t\t\t<\/fieldset>\n\t\t\t\t\t<fieldset class=\"fieldset-job_location fieldset-type-text\">\n\t\t\t\t<label for=\"job_location\">Localisation <small>(optionnel)<\/small><\/label>\n\t\t\t\t<div class=\"field\">\n\t\t\t\t\t<input type=\"text\" class=\"input-text\" name=\"job_location\" id=\"job_location\" placeholder=\"Par exemple &quot; Paris &quot;\" value=\"\" maxlength=\"\"  \/>\n<small class=\"description\">Laissez vide si l'offre peut \u00eatre pourvue depuis n'importe o\u00f9 (ex : t\u00e9l\u00e9travail)<\/small>\t\t\t\t<\/div>\n\t\t\t<\/fieldset>\n\t\t\t\t\t<fieldset class=\"fieldset-remote_position fieldset-type-checkbox\">\n\t\t\t\t<label for=\"remote_position\">Emploi en distanciel <small>(optionnel)<\/small><\/label>\n\t\t\t\t<div class=\"field\">\n\t\t\t\t\t<input type=\"checkbox\" class=\"input-checkbox\" name=\"remote_position\" id=\"remote_position\"  value=\"1\"  \/>\n<small class=\"description\">S\u00e9lectionnez ceci si le poste est en distanciel.<\/small>\t\t\t\t<\/div>\n\t\t\t<\/fieldset>\n\t\t\t\t\t<fieldset class=\"fieldset-job_type fieldset-type-term-select\">\n\t\t\t\t<label for=\"job_type\">Type d'offre d'emploi<\/label>\n\t\t\t\t<div class=\"field required-field\">\n\t\t\t\t\t<select  name='job_type' id='job_type' class='postform'>\n\t<option value=''>Choisir le type d'offre d'emploi...<\/option>\n\t<option class=\"level-0\" value=\"56\">Freelance<\/option>\n\t<option class=\"level-0\" value=\"53\" selected=\"selected\">Temps plein<\/option>\n\t<option class=\"level-0\" value=\"57\">Stage<\/option>\n\t<option class=\"level-1\" value=\"59\">&nbsp;&nbsp;&nbsp;Stage en comptabilit\u00e9<\/option>\n\t<option class=\"level-1\" value=\"60\">&nbsp;&nbsp;&nbsp;Stage en vente et marketing<\/option>\n\t<option class=\"level-1\" value=\"61\">&nbsp;&nbsp;&nbsp;Stage dans le domaine du voyage et du tourisme<\/option>\n\t<option class=\"level-0\" value=\"54\">Temps partiel<\/option>\n\t<option class=\"level-0\" value=\"55\">Temporaire<\/option>\n<\/select>\n\t\t\t\t<\/div>\n\t\t\t<\/fieldset>\n\t\t\t\t\t<fieldset class=\"fieldset-job_description fieldset-type-wp-editor\">\n\t\t\t\t<label for=\"job_description\">Description<\/label>\n\t\t\t\t<div class=\"field required-field\">\n\t\t\t\t\t<div id=\"wp-job_description-wrap\" class=\"wp-core-ui wp-editor-wrap tmce-active\"><link rel='stylesheet' id='dashicons-css' href='https:\/\/frenchwaytravel.com\/wp-includes\/css\/dashicons.min.css?ver=6.7.5' media='all' \/>\n<link rel='stylesheet' id='editor-buttons-css' href='https:\/\/frenchwaytravel.com\/wp-includes\/css\/editor.min.css?ver=6.7.5' media='all' \/>\n<style> .mce-top-part button { background-color: rgba(0,0,0,0.0) !important; } <\/style>\n<div id=\"wp-job_description-editor-container\" class=\"wp-editor-container\"><textarea class=\"wp-editor-area\" rows=\"8\" autocomplete=\"off\" cols=\"40\" name=\"job_description\" id=\"job_description\"><\/textarea><\/div>\n<\/div>\n\n\t\t\t\t<\/div>\n\t\t\t<\/fieldset>\n\t\t\t\t\t<fieldset class=\"fieldset-application fieldset-type-text\">\n\t\t\t\t<label for=\"application\">Email\/URL de candidature<\/label>\n\t\t\t\t<div class=\"field required-field\">\n\t\t\t\t\t<input type=\"text\" class=\"input-text\" name=\"application\" id=\"application\" placeholder=\"Saisir une adresse courriel ou une URL de site\" value=\"\" maxlength=\"\" required \/>\n\t\t\t\t<\/div>\n\t\t\t<\/fieldset>\n\t\t\n\t\t\n\t\t<!-- Company Information Fields -->\n\t\t\t\t\t<h2>D\u00e9tail de l'entreprise\/organisation<\/h2>\n\n\t\t\t\n\t\t\t\t\t\t\t<fieldset class=\"fieldset-company_name fieldset-type-text\">\n\t\t\t\t\t<label for=\"company_name\">Nom de l'entreprise<\/label>\n\t\t\t\t\t<div class=\"field required-field\">\n\t\t\t\t\t\t<input type=\"text\" class=\"input-text\" name=\"company_name\" id=\"company_name\" placeholder=\"Saisir le nom de l&#039;entreprise\" value=\"\" maxlength=\"\" required \/>\n\t\t\t\t\t<\/div>\n\t\t\t\t<\/fieldset>\n\t\t\t\t\t\t\t<fieldset class=\"fieldset-company_website fieldset-type-text\">\n\t\t\t\t\t<label for=\"company_website\">Site <small>(optionnel)<\/small><\/label>\n\t\t\t\t\t<div class=\"field\">\n\t\t\t\t\t\t<input type=\"text\" class=\"input-text\" name=\"company_website\" id=\"company_website\" placeholder=\"http:\/\/\" value=\"\" maxlength=\"\"  \/>\n\t\t\t\t\t<\/div>\n\t\t\t\t<\/fieldset>\n\t\t\t\t\t\t\t<fieldset class=\"fieldset-company_tagline fieldset-type-text\">\n\t\t\t\t\t<label for=\"company_tagline\">Slogan <small>(optionnel)<\/small><\/label>\n\t\t\t\t\t<div class=\"field\">\n\t\t\t\t\t\t<input type=\"text\" class=\"input-text\" name=\"company_tagline\" id=\"company_tagline\" placeholder=\"D\u00e9crire rapidement l&#039;entreprise\" value=\"\" maxlength=\"64\"  \/>\n\t\t\t\t\t<\/div>\n\t\t\t\t<\/fieldset>\n\t\t\t\t\t\t\t<fieldset class=\"fieldset-company_video fieldset-type-text\">\n\t\t\t\t\t<label for=\"company_video\">Vid\u00e9o <small>(optionnel)<\/small><\/label>\n\t\t\t\t\t<div class=\"field\">\n\t\t\t\t\t\t<input type=\"text\" class=\"input-text\" name=\"company_video\" id=\"company_video\" placeholder=\"Lien vers une vid\u00e9o pr\u00e9sentant votre soci\u00e9t\u00e9\" value=\"\" maxlength=\"\"  \/>\n\t\t\t\t\t<\/div>\n\t\t\t\t<\/fieldset>\n\t\t\t\t\t\t\t<fieldset class=\"fieldset-company_twitter fieldset-type-text\">\n\t\t\t\t\t<label for=\"company_twitter\">Compte Twitter <small>(optionnel)<\/small><\/label>\n\t\t\t\t\t<div class=\"field\">\n\t\t\t\t\t\t<input type=\"text\" class=\"input-text\" name=\"company_twitter\" id=\"company_twitter\" placeholder=\"@votreentreprise\" value=\"\" maxlength=\"\"  \/>\n\t\t\t\t\t<\/div>\n\t\t\t\t<\/fieldset>\n\t\t\t\t\t\t\t<fieldset class=\"fieldset-company_logo fieldset-type-file\">\n\t\t\t\t\t<label for=\"company_logo\">Logo <small>(optionnel)<\/small><\/label>\n\t\t\t\t\t<div class=\"field\">\n\t\t\t\t\t\t<div class=\"job-manager-uploaded-files\">\n\t<\/div>\n\n<input\n\ttype=\"file\"\n\tclass=\"input-text\"\n\tdata-file_types=\"jpg|jpeg|gif|png\"\n\t\t\t\tname=\"company_logo\"\n\tid=\"company_logo\"\n\tplaceholder=\"\"\n\/>\n<small class=\"description\">\n\t\t\tTaille maximale du fichier : 128 Mo.\t<\/small>\n\t\t\t\t\t<\/div>\n\t\t\t\t<\/fieldset>\n\t\t\t\n\t\t\t\t\t\n\t\t\n\t\t<p>\n\t\t\t<input type=\"hidden\" name=\"job_manager_form\" value=\"submit-job\" \/>\n\t\t\t<input type=\"hidden\" name=\"job_id\" value=\"0\" \/>\n\t\t\t<input type=\"hidden\" name=\"step\" value=\"0\" \/>\n\t\t\t<input type=\"submit\" name=\"submit_job\" class=\"button\"\n    \t\t value=\"Pr\u00e9visualiser\" \/>\n\t\t\t\t\t\t<span class=\"spinner\" style=\"background-image: url(https:\/\/frenchwaytravel.com\/wp-includes\/images\/spinner.gif);\"><\/span>\n\t\t<\/p>\n\n\t<input type=\"hidden\" name=\"trp-form-language\" value=\"fr\"\/><\/form>","protected":false},"excerpt":{"rendered":"","protected":false},"author":1,"featured_media":0,"parent":4484,"menu_order":0,"comment_status":"closed","ping_status":"closed","template":"","meta":{"content-type":"","site-sidebar-layout":"default","site-content-layout":"default","ast-site-content-layout":"","site-content-style":"default","site-sidebar-style":"default","ast-global-header-display":"","ast-banner-title-visibility":"","ast-main-header-display":"","ast-hfb-above-header-display":"","ast-hfb-below-header-display":"","ast-hfb-mobile-header-display":"","site-post-title":"","ast-breadcrumbs-content":"","ast-featured-img":"","footer-sml-layout":"","theme-transparent-header-meta":"default","adv-header-id-meta":"","stick-header-meta":"default","header-above-stick-meta":"","header-main-stick-meta":"","header-below-stick-meta":"","astra-migrate-meta-layouts":"default","ast-page-background-enabled":"default","ast-page-background-meta":{"desktop":{"background-color":"","background-image":"","background-repeat":"repeat","background-position":"center center","background-size":"auto","background-attachment":"scroll","background-type":"","background-media":"","overlay-type":"","overlay-color":"","overlay-opacity":"","overlay-gradient":""},"tablet":{"background-color":"","background-image":"","background-repeat":"repeat","background-position":"center center","background-size":"auto","background-attachment":"scroll","background-type":"","background-media":"","overlay-type":"","overlay-color":"","overlay-opacity":"","overlay-gradient":""},"mobile":{"background-color":"","background-image":"","background-repeat":"repeat","background-position":"center center","background-size":"auto","background-attachment":"scroll","background-type":"","background-media":"","overlay-type":"","overlay-color":"","overlay-opacity":"","overlay-gradient":""}},"ast-content-background-meta":{"desktop":{"background-color":"var(--ast-global-color-5)","background-image":"","background-repeat":"repeat","background-position":"center center","background-size":"auto","background-attachment":"scroll","background-type":"","background-media":"","overlay-type":"","overlay-color":"","overlay-opacity":"","overlay-gradient":""},"tablet":{"background-color":"var(--ast-global-color-5)","background-image":"","background-repeat":"repeat","background-position":"center center","background-size":"auto","background-attachment":"scroll","background-type":"","background-media":"","overlay-type":"","overlay-color":"","overlay-opacity":"","overlay-gradient":""},"mobile":{"background-color":"var(--ast-global-color-5)","background-image":"","background-repeat":"repeat","background-position":"center center","background-size":"auto","background-attachment":"scroll","background-type":"","background-media":"","overlay-type":"","overlay-color":"","overlay-opacity":"","overlay-gradient":""}},"footnotes":""},"class_list":["post-6117","page","type-page","status-publish","hentry"],"_links":{"self":[{"href":"https:\/\/frenchwaytravel.com\/fr\/wp-json\/wp\/v2\/pages\/6117","targetHints":{"allow":["GET"]}}],"collection":[{"href":"https:\/\/frenchwaytravel.com\/fr\/wp-json\/wp\/v2\/pages"}],"about":[{"href":"https:\/\/frenchwaytravel.com\/fr\/wp-json\/wp\/v2\/types\/page"}],"author":[{"embeddable":true,"href":"https:\/\/frenchwaytravel.com\/fr\/wp-json\/wp\/v2\/users\/1"}],"replies":[{"embeddable":true,"href":"https:\/\/frenchwaytravel.com\/fr\/wp-json\/wp\/v2\/comments?post=6117"}],"version-history":[{"count":2,"href":"https:\/\/frenchwaytravel.com\/fr\/wp-json\/wp\/v2\/pages\/6117\/revisions"}],"predecessor-version":[{"id":6120,"href":"https:\/\/frenchwaytravel.com\/fr\/wp-json\/wp\/v2\/pages\/6117\/revisions\/6120"}],"up":[{"embeddable":true,"href":"https:\/\/frenchwaytravel.com\/fr\/wp-json\/wp\/v2\/pages\/4484"}],"wp:attachment":[{"href":"https:\/\/frenchwaytravel.com\/fr\/wp-json\/wp\/v2\/media?parent=6117"}],"curies":[{"name":"wp","href":"https:\/\/api.w.org\/{rel}","templated":true}]}}